	{"id":1865,"date":"2019-08-09T14:02:02","date_gmt":"2019-08-09T15:02:02","guid":{"rendered":"https:\/\/nortecrescente.pt\/web\/?page_id=1865"},"modified":"2022-01-27T16:05:00","modified_gmt":"2022-01-27T17:05:00","slug":"objetivos","status":"publish","type":"page","link":"https:\/\/nortecrescente.pt\/web\/objetivos","title":{"rendered":"Objetivos"},"content":{"rendered":"\n<div class=\"wp-block-image\"><figure class=\"aligncenter\"><img loading=\"lazy\" width=\"261\" height=\"241\" src=\"https:\/\/nortecrescente.pt\/web\/wp-content\/uploads\/2019\/08\/LogoNCADL.png\" alt=\"\" class=\"wp-image-1723\"\/><\/figure><\/div>\n\n\n\n<p>Constitu\u00edda em Junho de 2003, a <strong>NORTE CRESCENTE \u2013 Associa\u00e7\u00e3o de Desenvolvimento Local<\/strong> tem o importante objetivo de ser a Institui\u00e7\u00e3o catalisadora do desenvolvimento integrado e sustentado das oito freguesias da zona geogr\u00e1fica do Norte do Concelho de Ponta Delgada: Fenais da Luz, S\u00e3o Vicente, Capelas, Santo Ant\u00f3nio, Santa B\u00e1rbara, Rem\u00e9dios, Ajuda da Bretanha e Pilar da Bretanha, representativas de 40% do espa\u00e7o geogr\u00e1fico do concelho constitu\u00eddo por uma popula\u00e7\u00e3o aproximada de 15.000 habitantes. Devido \u00e0 sua localiza\u00e7\u00e3o geogr\u00e1fica, caracterizam-se por um isolamento das zonas urbanas, nomeadamente de Ponta Delgada, onde os recursos e as institui\u00e7\u00f5es de suporte se centralizam. S\u00e3o comunidades sobretudo ligadas a actividades rurais e fortemente dependentes de apoios sociais, enfrentando dificuldades carecendo de respostas e suporte.<\/p>\n\n\n\n<p>As din\u00e2micas sociodemogr\u00e1ficas do territ\u00f3rio refletem altera\u00e7\u00e3o das estruturas familiares com elevado relevo para fam\u00edlias monoparentais, recompostas e unipessoais, pautadas por contextos desestruturados e vulner\u00e1veis, fomentadores de desequil\u00edbrios sociodemogr\u00e1ficos, sendo exacerbadas problem\u00e1ticas como: viol\u00eancia dom\u00e9stica, d\u00e9fice de compet\u00eancias parentais, comportamentos aditivos, tr\u00e1fico de estupefacientes, sa\u00fade mental, precariedade econ\u00f3mica, insucesso e absentismo escolar.<\/p>\n\n\n\n<p>Seguindo um modelo de descentraliza\u00e7\u00e3o, a NORTE CRESCENTE &#8211; ADL valoriza as ac\u00e7\u00f5es de proximidade com as pessoas e o territ\u00f3rio, com uma equipa multidisciplinar recorrendo \u00e0s parcerias formais e informais em estreita articula\u00e7\u00e3o com as demais respostas existentes.<\/p>\n\n\n\n<div style=\"height:100px\" aria-hidden=\"true\" class=\"wp-block-spacer\"><\/div>\n\n\n\n<h2 id=\"noticias\">Not\u00edcias<\/h2>\n\n\n<ul class=\"wp-block-latest-posts__list is-grid columns-3 aligncenter wp-block-latest-posts\"><li><div class=\"wp-block-latest-posts__featured-image aligncenter\"><a href=\"https:\/\/nortecrescente.pt\/web\/pascoa-2026-caca-ao-ovo-quinta-do-norte\" aria-label=\"P\u00e1scoa 2026 &#8211; Ca\u00e7a ao Ovo &#8211; Quinta do Norte\"><img width=\"300\" height=\"143\" src=\"https:\/\/nortecrescente.pt\/web\/wp-content\/uploads\/2026\/03\/imagem-face-caca-ao-ovo-300x143.png\" class=\"attachment-medium size-medium wp-post-image\" alt=\"\" loading=\"lazy\" style=\"\" srcset=\"https:\/\/nortecrescente.pt\/web\/wp-content\/uploads\/2026\/03\/imagem-face-caca-ao-ovo-300x143.png 300w, https:\/\/nortecrescente.pt\/web\/wp-content\/uploads\/2026\/03\/imagem-face-caca-ao-ovo-768x367.png 768w, https:\/\/nortecrescente.pt\/web\/wp-content\/uploads\/2026\/03\/imagem-face-caca-ao-ovo.png 1023w\" sizes=\"(max-width: 300px) 100vw, 300px\" \/><\/a><\/div><a class=\"wp-block-latest-posts__post-title\" href=\"https:\/\/nortecrescente.pt\/web\/pascoa-2026-caca-ao-ovo-quinta-do-norte\">P\u00e1scoa 2026 &#8211; Ca\u00e7a ao Ovo &#8211; Quinta do Norte<\/a><div class=\"wp-block-latest-posts__post-excerpt\">No pr\u00f3ximo dia 28 de mar\u00e7o, das 15h \u00e0s 19h, a Quinta do Norte ser\u00e1 palco de uma tarde dedicada \u00e0 Ca\u00e7a ao Ovo, pensada para os mais pequenos e &#8230;<\/div><\/li>\n<li><div class=\"wp-block-latest-posts__featured-image aligncenter\"><a href=\"https:\/\/nortecrescente.pt\/web\/dia-de-trabalho-bois-da-raca-ramo-grande-17-janeiro-2025\" aria-label=\"Dia de Trabalho \u2013 Bois da Ra\u00e7a Ramo Grande &#8211; 17 janeiro 2025\"><img width=\"240\" height=\"300\" src=\"https:\/\/nortecrescente.pt\/web\/wp-content\/uploads\/2026\/01\/26.01-cartaz-Gincana-Ramo-Grande-240x300.jpeg\" class=\"attachment-medium size-medium wp-post-image\" alt=\"\" loading=\"lazy\" style=\"\" srcset=\"https:\/\/nortecrescente.pt\/web\/wp-content\/uploads\/2026\/01\/26.01-cartaz-Gincana-Ramo-Grande-240x300.jpeg 240w, https:\/\/nortecrescente.pt\/web\/wp-content\/uploads\/2026\/01\/26.01-cartaz-Gincana-Ramo-Grande-819x1024.jpeg 819w, https:\/\/nortecrescente.pt\/web\/wp-content\/uploads\/2026\/01\/26.01-cartaz-Gincana-Ramo-Grande-768x960.jpeg 768w, https:\/\/nortecrescente.pt\/web\/wp-content\/uploads\/2026\/01\/26.01-cartaz-Gincana-Ramo-Grande.jpeg 1080w\" sizes=\"(max-width: 240px) 100vw, 240px\" \/><\/a><\/div><a class=\"wp-block-latest-posts__post-title\" href=\"https:\/\/nortecrescente.pt\/web\/dia-de-trabalho-bois-da-raca-ramo-grande-17-janeiro-2025\">Dia de Trabalho \u2013 Bois da Ra\u00e7a Ramo Grande &#8211; 17 janeiro 2025<\/a><div class=\"wp-block-latest-posts__post-excerpt\">Dia de Trabalho \u2013 Bois da Ra\u00e7a Ramo Grande&#8211; Gincana com carros de Bois&#8211; Promo\u00e7\u00e3o Papas de Carolo Pilar da Bretanha \u2013 Parque de Aventura17 de janeiro \u2013 Parque de &#8230;<\/div><\/li>\n<li><div class=\"wp-block-latest-posts__featured-image aligncenter\"><a href=\"https:\/\/nortecrescente.pt\/web\/norte-crescente\" aria-label=\"&lt;strong&gt;Norte Crescente&lt;\/strong&gt;\"><img width=\"300\" height=\"142\" src=\"https:\/\/nortecrescente.pt\/web\/wp-content\/uploads\/2025\/12\/imagem-destaque-AGv2-300x142.jpg\" class=\"attachment-medium size-medium wp-post-image\" alt=\"\" loading=\"lazy\" style=\"\" srcset=\"https:\/\/nortecrescente.pt\/web\/wp-content\/uploads\/2025\/12\/imagem-destaque-AGv2-300x142.jpg 300w, https:\/\/nortecrescente.pt\/web\/wp-content\/uploads\/2025\/12\/imagem-destaque-AGv2.jpg 506w\" sizes=\"(max-width: 300px) 100vw, 300px\" \/><\/a><\/div><a class=\"wp-block-latest-posts__post-title\" href=\"https:\/\/nortecrescente.pt\/web\/norte-crescente\"><strong>Norte Crescente<\/strong><\/a><div class=\"wp-block-latest-posts__post-excerpt\">Associa\u00e7\u00e3o de Desenvolvimento Local CONVOCAT\u00d3RIA Nos termos e para os efeitos do disposto nos artigos 28\u00ba n\u00ba 3 e artigo 29\u00ba dos Estatutos da Associa\u00e7\u00e3o Norte Crescente &#8211; ADL e &#8230;<\/div><\/li>\n<\/ul>","protected":false},"excerpt":{"rendered":"<p>Constitu\u00edda em Junho de 2003, a NORTE CRESCENTE \u2013 Associa\u00e7\u00e3o de Desenvolvimento Local tem o importante objetivo de ser a Institui\u00e7\u00e3o catalisadora do desenvolvimento integrado e sustentado das oito freguesias &#8230;<\/p>\n","protected":false},"author":1,"featured_media":0,"parent":0,"menu_order":0,"comment_status":"closed","ping_status":"closed","template":"template-fullwidth.php","meta":{"ngg_post_thumbnail":0},"featured_image_urls":{"full":"","thumbnail":"","medium":"","medium_large":"","large":"","1536x1536":"","2048x2048":"","onepress-blog-small":"","onepress-small":"","onepress-medium":""},"post_excerpt_stackable":"<p>Constitu\u00edda em Junho de 2003, a NORTE CRESCENTE \u2013 Associa\u00e7\u00e3o de Desenvolvimento Local tem o importante objetivo de ser a Institui\u00e7\u00e3o catalisadora do desenvolvimento integrado e sustentado das oito freguesias da zona geogr\u00e1fica do Norte do Concelho de Ponta Delgada: Fenais da Luz, S\u00e3o Vicente, Capelas, Santo Ant\u00f3nio, Santa B\u00e1rbara, Rem\u00e9dios, Ajuda da Bretanha e Pilar da Bretanha, representativas de 40% do espa\u00e7o geogr\u00e1fico do concelho constitu\u00eddo por uma popula\u00e7\u00e3o aproximada de 15.000 habitantes. Devido \u00e0 sua localiza\u00e7\u00e3o geogr\u00e1fica, caracterizam-se por um isolamento das zonas urbanas, nomeadamente de Ponta Delgada, onde os recursos e as institui\u00e7\u00f5es de suporte se centralizam.&hellip;<\/p>\n","category_list":"","author_info":{"name":"Norte Crescente","url":"https:\/\/nortecrescente.pt\/web\/author\/adminnc2033"},"comments_num":"0 comments","featured_image_urls_v2":{"full":"","thumbnail":"","medium":"","medium_large":"","large":"","1536x1536":"","2048x2048":"","onepress-blog-small":"","onepress-small":"","onepress-medium":""},"post_excerpt_stackable_v2":"<p>Constitu\u00edda em Junho de 2003, a NORTE CRESCENTE \u2013 Associa\u00e7\u00e3o de Desenvolvimento Local tem o importante objetivo de ser a Institui\u00e7\u00e3o catalisadora do desenvolvimento integrado e sustentado das oito freguesias da zona geogr\u00e1fica do Norte do Concelho de Ponta Delgada: Fenais da Luz, S\u00e3o Vicente, Capelas, Santo Ant\u00f3nio, Santa B\u00e1rbara, Rem\u00e9dios, Ajuda da Bretanha e Pilar da Bretanha, representativas de 40% do espa\u00e7o geogr\u00e1fico do concelho constitu\u00eddo por uma popula\u00e7\u00e3o aproximada de 15.000 habitantes. Devido \u00e0 sua localiza\u00e7\u00e3o geogr\u00e1fica, caracterizam-se por um isolamento das zonas urbanas, nomeadamente de Ponta Delgada, onde os recursos e as institui\u00e7\u00f5es de suporte se centralizam.&hellip;<\/p>\n","category_list_v2":"","author_info_v2":{"name":"Norte Crescente","url":"https:\/\/nortecrescente.pt\/web\/author\/adminnc2033"},"comments_num_v2":"0 comments","_links":{"self":[{"href":"https:\/\/nortecrescente.pt\/web\/wp-json\/wp\/v2\/pages\/1865"}],"collection":[{"href":"https:\/\/nortecrescente.pt\/web\/wp-json\/wp\/v2\/pages"}],"about":[{"href":"https:\/\/nortecrescente.pt\/web\/wp-json\/wp\/v2\/types\/page"}],"author":[{"embeddable":true,"href":"https:\/\/nortecrescente.pt\/web\/wp-json\/wp\/v2\/users\/1"}],"replies":[{"embeddable":true,"href":"https:\/\/nortecrescente.pt\/web\/wp-json\/wp\/v2\/comments?post=1865"}],"version-history":[{"count":14,"href":"https:\/\/nortecrescente.pt\/web\/wp-json\/wp\/v2\/pages\/1865\/revisions"}],"predecessor-version":[{"id":3488,"href":"https:\/\/nortecrescente.pt\/web\/wp-json\/wp\/v2\/pages\/1865\/revisions\/3488"}],"wp:attachment":[{"href":"https:\/\/nortecrescente.pt\/web\/wp-json\/wp\/v2\/media?parent=1865"}],"curies":[{"name":"wp","href":"https:\/\/api.w.org\/{rel}","templated":true}]}}