	{"id":2265,"date":"2020-01-23T15:33:45","date_gmt":"2020-01-23T16:33:45","guid":{"rendered":"https:\/\/nortecrescente.pt\/web\/?page_id=2265"},"modified":"2022-01-27T16:10:13","modified_gmt":"2022-01-27T17:10:13","slug":"campanhas","status":"publish","type":"page","link":"https:\/\/nortecrescente.pt\/web\/valencias\/projecto-igualdades\/campanhas","title":{"rendered":"Campanha &#8211; Igualdade de G\u00e9nero"},"content":{"rendered":"\n<p>Com vista \u00e0 promo\u00e7\u00e3o dos valores da cidadania e da igualdade de g\u00e9nero foram produzidos materiais informativos para:<\/p>\n\n\n\n<ul><li>Sensibilizar a sociedade em geral para a Igualdade de G\u00e9nero quer no mercado de trabalho, quer no quotidiano de cada um\/a;<\/li><li>Informar as mulheres para os seus direitos enquanto trabalhadoras;<\/li><li>Apoiar a mulher na prossecu\u00e7\u00e3o dos seus direitos e na busca da resolu\u00e7\u00e3o dos mesmos.<\/li><\/ul>\n\n\n\n<div style=\"height:100px\" aria-hidden=\"true\" class=\"wp-block-spacer\"><\/div>\n\n\n\n<h1 id=\"spots-televisivos\">SPOTS TELEVISIVOS<\/h1>\n\n\n\n<h2 id=\"aleitamento-materno\">Aleitamento Materno<\/h2>\n\n\n\n<figure class=\"wp-block-embed is-type-video is-provider-youtube wp-block-embed-youtube wp-embed-aspect-4-3 wp-has-aspect-ratio\"><div class=\"wp-block-embed__wrapper\">\n<iframe loading=\"lazy\" title=\"Spot 1 - Aleitamento Materno\" width=\"800\" height=\"600\" src=\"https:\/\/www.youtube.com\/embed\/BgBWlmNaUAI?feature=oembed\" frameborder=\"0\" allow=\"accelerometer; autoplay; clipboard-write; encrypted-media; gyroscope; picture-in-picture\" allowfullscreen><\/iframe>\n<\/div><\/figure>\n\n\n\n<div style=\"height:100px\" aria-hidden=\"true\" class=\"wp-block-spacer\"><\/div>\n\n\n\n<h2 id=\"parentalidade\">Parentalidade<\/h2>\n\n\n\n<figure class=\"wp-block-embed is-type-video is-provider-youtube wp-block-embed-youtube wp-embed-aspect-16-9 wp-has-aspect-ratio\"><div class=\"wp-block-embed__wrapper\">\n<iframe loading=\"lazy\" title=\"Spot 2 - Parentalidade\" width=\"800\" height=\"450\" src=\"https:\/\/www.youtube.com\/embed\/QlhjVc_AQgs?feature=oembed\" frameborder=\"0\" allow=\"accelerometer; autoplay; clipboard-write; encrypted-media; gyroscope; picture-in-picture\" allowfullscreen><\/iframe>\n<\/div><\/figure>\n\n\n\n<div style=\"height:100px\" aria-hidden=\"true\" class=\"wp-block-spacer\"><\/div>\n\n\n\n<h2 id=\"igualdade-na-profissao-1\">Igualdade na Profiss\u00e3o 1<\/h2>\n\n\n\n<figure class=\"wp-block-embed is-type-video is-provider-youtube wp-block-embed-youtube wp-embed-aspect-16-9 wp-has-aspect-ratio\"><div class=\"wp-block-embed__wrapper\">\n<iframe loading=\"lazy\" title=\"Spot 3 - Igualdade na  Profiss\u00e3o\" width=\"800\" height=\"450\" src=\"https:\/\/www.youtube.com\/embed\/UOkWC7x3nrE?feature=oembed\" frameborder=\"0\" allow=\"accelerometer; autoplay; clipboard-write; encrypted-media; gyroscope; picture-in-picture\" allowfullscreen><\/iframe>\n<\/div><\/figure>\n\n\n\n<div style=\"height:100px\" aria-hidden=\"true\" class=\"wp-block-spacer\"><\/div>\n\n\n\n<h2 id=\"igualdade-na-profissao-2\">Igualdade na Profiss\u00e3o 2<\/h2>\n\n\n\n<figure class=\"wp-block-embed is-type-video is-provider-youtube wp-block-embed-youtube wp-embed-aspect-16-9 wp-has-aspect-ratio\"><div class=\"wp-block-embed__wrapper\">\n<iframe loading=\"lazy\" title=\"Spot 4 - Igualdade Profiss\u00e3o\" width=\"800\" height=\"450\" src=\"https:\/\/www.youtube.com\/embed\/8bhHLp-gSi4?feature=oembed\" frameborder=\"0\" allow=\"accelerometer; autoplay; clipboard-write; encrypted-media; gyroscope; picture-in-picture\" allowfullscreen><\/iframe>\n<\/div><\/figure>\n\n\n\n<div style=\"height:100px\" aria-hidden=\"true\" class=\"wp-block-spacer\"><\/div>\n\n\n\n<h2 id=\"partilha-de-tarefas\">Partilha de Tarefas<\/h2>\n\n\n\n<figure class=\"wp-block-embed is-type-video is-provider-youtube wp-block-embed-youtube wp-embed-aspect-16-9 wp-has-aspect-ratio\"><div class=\"wp-block-embed__wrapper\">\n<iframe loading=\"lazy\" title=\"Spot 5 - Partilha de tarefas\" width=\"800\" height=\"450\" src=\"https:\/\/www.youtube.com\/embed\/ZmY-OLfjuWE?feature=oembed\" frameborder=\"0\" allow=\"accelerometer; autoplay; clipboard-write; encrypted-media; gyroscope; picture-in-picture\" allowfullscreen><\/iframe>\n<\/div><\/figure>\n\n\n\n<div style=\"height:100px\" aria-hidden=\"true\" class=\"wp-block-spacer\"><\/div>\n\n\n\n<h1 id=\"videos-institucionais-testemunhos\">V\u00cdDEOS INSTITUCIONAIS: TESTEMUNHOS<\/h1>\n\n\n\n<h2 id=\"direitos-iguais-para-todos\">Direitos Iguais Para Todos<\/h2>\n\n\n\n<figure class=\"wp-block-embed is-type-video is-provider-youtube wp-block-embed-youtube wp-embed-aspect-16-9 wp-has-aspect-ratio\"><div class=\"wp-block-embed__wrapper\">\n<iframe loading=\"lazy\" title=\"Direitos iguais para todos e todas\" width=\"800\" height=\"450\" src=\"https:\/\/www.youtube.com\/embed\/U5eOf22eMs0?feature=oembed\" frameborder=\"0\" allow=\"accelerometer; autoplay; clipboard-write; encrypted-media; gyroscope; picture-in-picture\" allowfullscreen><\/iframe>\n<\/div><\/figure>\n\n\n\n<div style=\"height:100px\" aria-hidden=\"true\" class=\"wp-block-spacer\"><\/div>\n\n\n\n<h2 id=\"profissoes-para-todos-e-todas\">Profiss\u00f5es Para Todos e Todas<\/h2>\n\n\n\n<figure class=\"wp-block-embed is-type-video is-provider-youtube wp-block-embed-youtube wp-embed-aspect-16-9 wp-has-aspect-ratio\"><div class=\"wp-block-embed__wrapper\">\n<iframe loading=\"lazy\" title=\"Direitos  Profiss\u00f5es para todos e todas\" width=\"800\" height=\"450\" src=\"https:\/\/www.youtube.com\/embed\/kqn8CCrsze4?start=3&#038;feature=oembed\" frameborder=\"0\" allow=\"accelerometer; autoplay; clipboard-write; encrypted-media; gyroscope; picture-in-picture\" allowfullscreen><\/iframe>\n<\/div><\/figure>\n","protected":false},"excerpt":{"rendered":"<p>Com vista \u00e0 promo\u00e7\u00e3o dos valores da cidadania e da igualdade de g\u00e9nero foram produzidos materiais informativos para: Sensibilizar a sociedade em geral para a Igualdade de G\u00e9nero quer no &#8230;<\/p>\n","protected":false},"author":1,"featured_media":0,"parent":57,"menu_order":0,"comment_status":"closed","ping_status":"closed","template":"template-fullwidth.php","meta":{"ngg_post_thumbnail":0},"featured_image_urls":{"full":"","thumbnail":"","medium":"","medium_large":"","large":"","1536x1536":"","2048x2048":"","onepress-blog-small":"","onepress-small":"","onepress-medium":""},"post_excerpt_stackable":"<p>Com vista \u00e0 promo\u00e7\u00e3o dos valores da cidadania e da igualdade de g\u00e9nero foram produzidos materiais informativos para: Sensibilizar a sociedade em geral para a Igualdade de G\u00e9nero quer no mercado de trabalho, quer no quotidiano de cada um\/a;Informar as mulheres para os seus direitos enquanto trabalhadoras;Apoiar a mulher na prossecu\u00e7\u00e3o dos seus direitos e na busca da resolu\u00e7\u00e3o dos mesmos. SPOTS TELEVISIVOS Aleitamento Materno Parentalidade Igualdade na Profiss\u00e3o 1 Igualdade na Profiss\u00e3o 2 Partilha de Tarefas V\u00cdDEOS INSTITUCIONAIS: TESTEMUNHOS Direitos Iguais Para Todos Profiss\u00f5es Para Todos e Todas<\/p>\n","category_list":"","author_info":{"name":"Norte Crescente","url":"https:\/\/nortecrescente.pt\/web\/author\/adminnc2033"},"comments_num":"0 comments","featured_image_urls_v2":{"full":"","thumbnail":"","medium":"","medium_large":"","large":"","1536x1536":"","2048x2048":"","onepress-blog-small":"","onepress-small":"","onepress-medium":""},"post_excerpt_stackable_v2":"<p>Com vista \u00e0 promo\u00e7\u00e3o dos valores da cidadania e da igualdade de g\u00e9nero foram produzidos materiais informativos para: Sensibilizar a sociedade em geral para a Igualdade de G\u00e9nero quer no mercado de trabalho, quer no quotidiano de cada um\/a;Informar as mulheres para os seus direitos enquanto trabalhadoras;Apoiar a mulher na prossecu\u00e7\u00e3o dos seus direitos e na busca da resolu\u00e7\u00e3o dos mesmos. SPOTS TELEVISIVOS Aleitamento Materno Parentalidade Igualdade na Profiss\u00e3o 1 Igualdade na Profiss\u00e3o 2 Partilha de Tarefas V\u00cdDEOS INSTITUCIONAIS: TESTEMUNHOS Direitos Iguais Para Todos Profiss\u00f5es Para Todos e Todas<\/p>\n","category_list_v2":"","author_info_v2":{"name":"Norte Crescente","url":"https:\/\/nortecrescente.pt\/web\/author\/adminnc2033"},"comments_num_v2":"0 comments","_links":{"self":[{"href":"https:\/\/nortecrescente.pt\/web\/wp-json\/wp\/v2\/pages\/2265"}],"collection":[{"href":"https:\/\/nortecrescente.pt\/web\/wp-json\/wp\/v2\/pages"}],"about":[{"href":"https:\/\/nortecrescente.pt\/web\/wp-json\/wp\/v2\/types\/page"}],"author":[{"embeddable":true,"href":"https:\/\/nortecrescente.pt\/web\/wp-json\/wp\/v2\/users\/1"}],"replies":[{"embeddable":true,"href":"https:\/\/nortecrescente.pt\/web\/wp-json\/wp\/v2\/comments?post=2265"}],"version-history":[{"count":25,"href":"https:\/\/nortecrescente.pt\/web\/wp-json\/wp\/v2\/pages\/2265\/revisions"}],"predecessor-version":[{"id":3501,"href":"https:\/\/nortecrescente.pt\/web\/wp-json\/wp\/v2\/pages\/2265\/revisions\/3501"}],"up":[{"embeddable":true,"href":"https:\/\/nortecrescente.pt\/web\/wp-json\/wp\/v2\/pages\/57"}],"wp:attachment":[{"href":"https:\/\/nortecrescente.pt\/web\/wp-json\/wp\/v2\/media?parent=2265"}],"curies":[{"name":"wp","href":"https:\/\/api.w.org\/{rel}","templated":true}]}}