	{"id":25,"date":"2011-10-19T15:59:04","date_gmt":"2011-10-19T15:59:04","guid":{"rendered":"http:\/\/nortecrescente.pt\/web\/?page_id=25"},"modified":"2022-01-27T16:08:45","modified_gmt":"2022-01-27T17:08:45","slug":"cdij-novos-rumos","status":"publish","type":"page","link":"https:\/\/nortecrescente.pt\/web\/valencias\/cdij-novos-rumos","title":{"rendered":"Centro de Desenvolvimento e Inclus\u00e3o Juvenil &#8211; Novos Rumos (CDIJ)"},"content":{"rendered":"<div class=\"n2-section-smartslider fitvidsignore \" data-ssid=\"24\" tabindex=\"0\" role=\"region\" aria-label=\"Slider\"><div id=\"n2-ss-24-align\" class=\"n2-ss-align\"><div class=\"n2-padding\"><div id=\"n2-ss-24\" data-creator=\"Smart Slider 3\" data-responsive=\"auto\" class=\"n2-ss-slider n2-ow n2-has-hover n2notransition  \">\n        <div class=\"n2-ss-slider-1 n2_ss__touch_element n2-ow\">\n            <div class=\"n2-ss-slider-2 n2-ow\">\n                                                <div class=\"n2-ss-slider-3 n2-ow\">\n\n                    <div class=\"n2-ss-slide-backgrounds n2-ow-all\"><div class=\"n2-ss-slide-background\" data-public-id=\"1\" data-mode=\"fill\"><div class=\"n2-ss-slide-background-image\" data-blur=\"0\" data-opacity=\"100\" data-x=\"50\" data-y=\"50\" data-alt=\"\" data-title=\"\"><picture class=\"skip-lazy\" data-skip-lazy=\"1\"><img src=\"\/\/nortecrescente.pt\/web\/wp-content\/uploads\/2020\/01\/slider_cdij3.jpg\" alt=\"\" title=\"\" loading=\"lazy\" class=\"skip-lazy\" data-skip-lazy=\"1\"><\/picture><\/div><div data-color=\"RGBA(255,255,255,0)\" style=\"background-color: RGBA(255,255,255,0);\" class=\"n2-ss-slide-background-color\"><\/div><\/div><div class=\"n2-ss-slide-background\" data-public-id=\"2\" data-mode=\"fill\" aria-hidden=\"true\"><div class=\"n2-ss-slide-background-image\" data-blur=\"0\" data-opacity=\"100\" data-x=\"50\" data-y=\"50\" data-alt=\"\" data-title=\"\"><picture class=\"skip-lazy\" data-skip-lazy=\"1\"><img src=\"\/\/nortecrescente.pt\/web\/wp-content\/uploads\/2020\/01\/slider_cdij4.jpg\" alt=\"\" title=\"\" loading=\"lazy\" class=\"skip-lazy\" data-skip-lazy=\"1\"><\/picture><\/div><div data-color=\"RGBA(255,255,255,0)\" style=\"background-color: RGBA(255,255,255,0);\" class=\"n2-ss-slide-background-color\"><\/div><\/div><div class=\"n2-ss-slide-background\" data-public-id=\"3\" data-mode=\"fill\" aria-hidden=\"true\"><div class=\"n2-ss-slide-background-image\" data-blur=\"0\" data-opacity=\"100\" data-x=\"50\" data-y=\"50\" data-alt=\"\" data-title=\"\"><picture class=\"skip-lazy\" data-skip-lazy=\"1\"><img src=\"\/\/nortecrescente.pt\/web\/wp-content\/uploads\/2020\/01\/slider_cdij5.jpg\" alt=\"\" title=\"\" loading=\"lazy\" class=\"skip-lazy\" data-skip-lazy=\"1\"><\/picture><\/div><div data-color=\"RGBA(255,255,255,0)\" style=\"background-color: RGBA(255,255,255,0);\" class=\"n2-ss-slide-background-color\"><\/div><\/div><div class=\"n2-ss-slide-background\" data-public-id=\"4\" data-mode=\"fill\" aria-hidden=\"true\"><div class=\"n2-ss-slide-background-image\" data-blur=\"0\" data-opacity=\"100\" data-x=\"50\" data-y=\"50\" data-alt=\"\" data-title=\"\"><picture class=\"skip-lazy\" data-skip-lazy=\"1\"><img src=\"\/\/nortecrescente.pt\/web\/wp-content\/uploads\/2020\/02\/slider_cdij4.jpg\" alt=\"\" title=\"\" loading=\"lazy\" class=\"skip-lazy\" data-skip-lazy=\"1\"><\/picture><\/div><div data-color=\"RGBA(255,255,255,0)\" style=\"background-color: RGBA(255,255,255,0);\" class=\"n2-ss-slide-background-color\"><\/div><\/div><div class=\"n2-ss-slide-background\" data-public-id=\"5\" data-mode=\"fill\" aria-hidden=\"true\"><div class=\"n2-ss-slide-background-image\" data-blur=\"0\" data-opacity=\"100\" data-x=\"50\" data-y=\"50\" data-alt=\"\" data-title=\"\"><picture class=\"skip-lazy\" data-skip-lazy=\"1\"><img src=\"\/\/nortecrescente.pt\/web\/wp-content\/uploads\/2020\/01\/slider_cdij2.jpg\" alt=\"\" title=\"\" loading=\"lazy\" class=\"skip-lazy\" data-skip-lazy=\"1\"><\/picture><\/div><div data-color=\"RGBA(255,255,255,0)\" style=\"background-color: RGBA(255,255,255,0);\" class=\"n2-ss-slide-background-color\"><\/div><\/div><div class=\"n2-ss-slide-background\" data-public-id=\"6\" data-mode=\"fill\" aria-hidden=\"true\"><div class=\"n2-ss-slide-background-image\" data-blur=\"0\" data-opacity=\"100\" data-x=\"50\" data-y=\"50\" data-alt=\"\" data-title=\"\"><picture class=\"skip-lazy\" data-skip-lazy=\"1\"><img src=\"\/\/nortecrescente.pt\/web\/wp-content\/uploads\/2020\/01\/slider_cdij1.jpg\" alt=\"\" title=\"\" loading=\"lazy\" class=\"skip-lazy\" data-skip-lazy=\"1\"><\/picture><\/div><div data-color=\"RGBA(255,255,255,0)\" style=\"background-color: RGBA(255,255,255,0);\" class=\"n2-ss-slide-background-color\"><\/div><\/div><\/div>                    <div class=\"n2-ss-slider-4 n2-ow\">\n                        <svg xmlns=\"http:\/\/www.w3.org\/2000\/svg\" viewBox=\"0 0 910 355\" data-related-device=\"desktopPortrait\" class=\"n2-ow n2-ss-preserve-size n2-ss-preserve-size--slider n2-ss-slide-limiter\"><\/svg><div data-first=\"1\" data-slide-duration=\"0\" data-id=\"228\" data-slide-public-id=\"1\" data-title=\"slider_cdij3\" class=\"n2-ss-slide n2-ow  n2-ss-slide-228\"><div role=\"note\" class=\"n2-ss-slide--focus\" tabindex=\"-1\">slider_cdij3<\/div><div class=\"n2-ss-layers-container n2-ss-slide-limiter n2-ow\"><div class=\"n2-ss-layer n2-ow n-uc-HAsyTmTMzQmP\" data-sstype=\"slide\" data-pm=\"default\"><\/div><\/div><\/div><div data-slide-duration=\"0\" data-id=\"229\" data-slide-public-id=\"2\" aria-hidden=\"true\" data-title=\"slider_cdij4\" class=\"n2-ss-slide n2-ow  n2-ss-slide-229\"><div role=\"note\" class=\"n2-ss-slide--focus\" tabindex=\"-1\">slider_cdij4<\/div><div class=\"n2-ss-layers-container n2-ss-slide-limiter n2-ow\"><div class=\"n2-ss-layer n2-ow n-uc-X6nzedWTgwyl\" data-sstype=\"slide\" data-pm=\"default\"><\/div><\/div><\/div><div data-slide-duration=\"0\" data-id=\"230\" data-slide-public-id=\"3\" aria-hidden=\"true\" data-title=\"slider_cdij5\" class=\"n2-ss-slide n2-ow  n2-ss-slide-230\"><div role=\"note\" class=\"n2-ss-slide--focus\" tabindex=\"-1\">slider_cdij5<\/div><div class=\"n2-ss-layers-container n2-ss-slide-limiter n2-ow\"><div class=\"n2-ss-layer n2-ow n-uc-E0P19c8YdyFK\" data-sstype=\"slide\" data-pm=\"default\"><\/div><\/div><\/div><div data-slide-duration=\"0\" data-id=\"231\" data-slide-public-id=\"4\" aria-hidden=\"true\" data-title=\"slider_cdij4\" class=\"n2-ss-slide n2-ow  n2-ss-slide-231\"><div role=\"note\" class=\"n2-ss-slide--focus\" tabindex=\"-1\">slider_cdij4<\/div><div class=\"n2-ss-layers-container n2-ss-slide-limiter n2-ow\"><div class=\"n2-ss-layer n2-ow n-uc-RiyrDbGyyg3J\" data-sstype=\"slide\" data-pm=\"default\"><\/div><\/div><\/div><div data-slide-duration=\"0\" data-id=\"232\" data-slide-public-id=\"5\" aria-hidden=\"true\" data-title=\"slider_cdij2\" class=\"n2-ss-slide n2-ow  n2-ss-slide-232\"><div role=\"note\" class=\"n2-ss-slide--focus\" tabindex=\"-1\">slider_cdij2<\/div><div class=\"n2-ss-layers-container n2-ss-slide-limiter n2-ow\"><div class=\"n2-ss-layer n2-ow n-uc-NuDzPdpMHCdv\" data-sstype=\"slide\" data-pm=\"default\"><\/div><\/div><\/div><div data-slide-duration=\"0\" data-id=\"233\" data-slide-public-id=\"6\" aria-hidden=\"true\" data-title=\"slider_cdij1\" class=\"n2-ss-slide n2-ow  n2-ss-slide-233\"><div role=\"note\" class=\"n2-ss-slide--focus\" tabindex=\"-1\">slider_cdij1<\/div><div class=\"n2-ss-layers-container n2-ss-slide-limiter n2-ow\"><div class=\"n2-ss-layer n2-ow n-uc-fyjjeDGnclSS\" data-sstype=\"slide\" data-pm=\"default\"><\/div><\/div><\/div>                    <\/div>\n\n                                    <\/div>\n            <\/div>\n        <\/div>\n        <\/div><ss3-loader><\/ss3-loader><\/div><\/div><div class=\"n2_clear\"><\/div><\/div>\n\n\n<h2 id=\"objetivos\">OBJETIVOS<\/h2>\n\n\n\n<p>O <strong>Centro de Desenvolvimento e Inclus\u00e3o Juvenil \u2013 Novos Rumos<\/strong> \u00e9 uma resposta da Norte Crescente \u2013 ADL que, integrado na rede regional de CDIJ, constitui-se como uma estrutura comunit\u00e1ria de interven\u00e7\u00e3o psicossocial individualizada, que visa colmatar as necessidades e desenvolver as potencialidades, de jovens entre os 14 e os 25 anos, em situa\u00e7\u00e3o de risco, permitindo um desenvolvimento pleno e saud\u00e1vel, facilitando a sua reintegra\u00e7\u00e3o atrav\u00e9s do desenvolvimento de compet\u00eancias pessoais, sociais, educativas e de empregabilidade. <br>A finalidade da interven\u00e7\u00e3o do CDIJ Novos Rumos assenta em 3 eixos: Empatia, Educa\u00e7\u00e3o e Empregabilidade, privilegiando a rela\u00e7\u00e3o com o jovem e a customiza\u00e7\u00e3o das a\u00e7\u00f5es \u00e0 individualidade do jovem, enquanto instrumentos de mudan\u00e7a.<\/p>\n\n\n\n<p>De acordo com os pressupostos de interven\u00e7\u00e3o definidos<br>pela rede de trabalho, o CDIJ Novos Rumos foca a sua interven\u00e7\u00e3o nos seguintes objetivos:<\/p>\n\n\n\n<ul><li>Promover a integra\u00e7\u00e3o escolar, familiar, social e profissional de jovens em risco atrav\u00e9s de princ\u00edpios e metodologias de interven\u00e7\u00e3o psicossocial, em colabora\u00e7\u00e3o com outros organismos e\/ou entidades;<\/li><li>Desenvolver estrat\u00e9gias e metodologias inovadoras para as problem\u00e1ticas detetadas junto dos jovens em risco;<\/li><li>Promover a sa\u00fade psicol\u00f3gica, atrav\u00e9s de<br>a\u00e7\u00f5es terap\u00eauticas de identifica\u00e7\u00e3o, diagn\u00f3stico e interven\u00e7\u00e3o, necess\u00e1rias ao ajustamento cognitivo, emocional, comportamental e social;<\/li><li>Integrar jovens em programas psicoeducativos e <em>atelier <\/em>ocupacionais estruturados, com o intuito de promover aprendizagens significativas aplic\u00e1veis ao dia a dia do jovem;<\/li><li>Promover estrat\u00e9gias de preven\u00e7\u00e3o nas \u00e1reas da sa\u00fade a que os jovens apresentam maior vulnerabilidade: comportamentos<br>aditivos, planeamento familiar, sexualidade e gravidez na adolesc\u00eancia;<\/li><li>Promover um ambiente prop\u00edcio ao desenvolvimento individual, realizado de forma a garantir que o jovem tenha a oportunidade de se expressar num ambiente emp\u00e1tico e promotor de mudan\u00e7a;<\/li><li>Promover a articula\u00e7\u00e3o entre as equipas t\u00e9cnicas do CDIJ e das restantes entidades que acompanham o jovem e\/ou agregado<br>familiar no diagn\u00f3stico, planeamento, integra\u00e7\u00e3o e avalia\u00e7\u00e3o das interven\u00e7\u00f5es delineadas;<\/li><li>Certificar e garantir a respetiva aquisi\u00e7\u00e3o de compet\u00eancias ao n\u00edvel do 3\u00ba ciclo de escolaridade;<\/li><li>Promover compet\u00eancias de empregabilidade e procura ativa de emprego, aliadas \u00e0 certifica\u00e7\u00e3o de compet\u00eancias profissionais, adquiridas atrav\u00e9s de forma\u00e7\u00f5es certificadas;<\/li><li>Promover o exerc\u00edcio de uma cidadania respons\u00e1vel e ativa, encorajando o jovem a ser proactivo na sua comunidade.<\/li><\/ul>\n\n\n\n<h2 id=\"publico-alvo\">P\u00daBLICO-ALVO<\/h2>\n\n\n\n<p>O CDIJ &#8211; Novos Rumos age, prioritariamente, junto de jovens, com idades entre os 14 e os 25 anos, que apresentem indicadores que os coloquem em risco de exclus\u00e3o social, nomeadamente, a dificuldade em estabelecer e concretizar um projeto de vida adequado \u00e0s suas potencialidades, o insucesso, absentismo, abandono e fraco envolvimento com a comunidade escolar, a ocupa\u00e7\u00e3o desestruturada de tempos livres, associa\u00e7\u00e3o a pares problem\u00e1ticos e desocupa\u00e7\u00e3o que, em alguns casos, levam \u00e0 marginalidade, delinqu\u00eancia, consumo e tr\u00e1fico de psicoativos.<\/p>\n\n\n\n<p><\/p>\n\n\n\n<h2 id=\"projectos-desenvolvidos\">PROJECTOS DESENVOLVIDOS<\/h2>\n\n\n\n<h3 id=\"formacao-certificada\"><strong>FORMA\u00c7\u00c3O CERTIFICADA<\/strong><\/h3>\n\n\n\n<h4 id=\"escolaridade\">Escolaridade<\/h4>\n\n\n\n<p>O CDIJ Novos Rumos certifica o 3\u00ba ciclo do ensino b\u00e1sico atrav\u00e9s do programa Reativar Escolar, previsto pela Portaria n.\u00ba 82\/2003, de 16 de outubro. O programa Reativar Escolar \u00e9 uma resposta articulada e flex\u00edvel, contemplando novas modalidades espec\u00edficas de forma\u00e7\u00e3o e qualifica\u00e7\u00e3o, garantindo uma maior escolha ao n\u00edvel dos percursos formativos.<\/p>\n\n\n\n<h4 id=\"formacao-profissional\">Forma\u00e7\u00e3o Profissional<\/h4>\n\n\n\n<p>A Norte Crescente, como entidade formadora certificada, desenvolve forma\u00e7\u00f5es de car\u00e1cter modular que se aproximam dos<br>interesses dos jovens e das necessidades do mercado de trabalho. Estas forma\u00e7\u00f5es s\u00e3o certificadas pela Ag\u00eancia para a Qualifica\u00e7\u00e3o e Emprego de Ponta Delgada e seguem os referenciais previstos no Cat\u00e1logo Nacional de Qualifica\u00e7\u00f5es.<\/p>\n\n\n\n<p>Aliada \u00e0 forma\u00e7\u00e3o t\u00e9cnica, existe a Forma\u00e7\u00e3o em Contexto de Trabalho, destinadas aos jovens que j\u00e1 conclu\u00edram com sucesso as a\u00e7\u00f5es de forma\u00e7\u00e3o certificadas, no sentido de colocar em pr\u00e1tica as compet\u00eancias te\u00f3ricas previamente adquiridas bem como desenvolver compet\u00eancias ligadas ao mercado de trabalho, como a responsabilidade, hierarquia, rela\u00e7\u00e3o entre colegas, resolu\u00e7\u00e3o assertiva de conflitos, lideran\u00e7a, entre outros.<\/p>\n\n\n\n<p>Finalmente, desde o in\u00edcio das a\u00e7\u00f5es de forma\u00e7\u00e3o e acompanhando todo o processo formativo, o CDIJ \u2013 Novos Rumos desenvolve sess\u00f5es de orienta\u00e7\u00e3o vocacional e empregabilidade que permitem colmatar uma necessidade expressa pelo seu p\u00fablico-alvo: apesar de possu\u00edrem as compet\u00eancias t\u00e9cnicas para desempenhar uma dada profiss\u00e3o, muitas vezes o mercado de trabalho n\u00e3o lhes d\u00e1 oportunidade de integra\u00e7\u00e3o, pelo que se torna importante desenvolver habilidades de procura ativa de emprego, os instrumentos de recrutamento e sele\u00e7\u00e3o, bem como aspeto ligados ao pr\u00f3prio trabalho (p.e. no\u00e7\u00f5es b\u00e1sicas de Direito do Trabalho).<\/p>\n\n\n\n<h3 id=\"programas-psicoeducativos-e-ateliers\"><strong>PROGRAMAS PSICOEDUCATIVOS E ATELIERS<\/strong><\/h3>\n\n\n\n<p>Dadas as especificidades do p\u00fablico com quem trabalha, o CDIJ dinamiza um conjunto de programas psicoeducativos, que t\u00eam como objetivo promover compet\u00eancias ligadas a \u00e1reas espec\u00edficas que se assumem como fragilidades destes jovens tais como:<\/p>\n\n\n\n<ul><li>Afetos, Sexualidade e Planeamento Familiar;<\/li><li>Sa\u00fade e Adi\u00e7\u00f5es;<\/li><li>Compet\u00eancias<br>Pessoais e Sociais;<\/li><li>Alfanum\u00e9rico;<\/li><li>Vida Ativa;<\/li><li>Tecnologias de Informa\u00e7\u00e3o e Comunica\u00e7\u00e3o;<\/li><li>Empregabilidade e Orienta\u00e7\u00e3o Vocacional.<\/li><\/ul>\n\n\n\n<p>Ao mesmo tempo que desenvolve <em>ateliers<\/em> de car\u00e1ter l\u00fadico-pedag\u00f3gico, que permitem que o jovem desenvolva compet\u00eancias pessoais e sociais ao mesmo tempo que explora novas \u00e1reas de interesse, novas sensa\u00e7\u00f5es, bem como uma maior preocupa\u00e7\u00e3o com a conserva\u00e7\u00e3o da natureza e uma maior sensibiliza\u00e7\u00e3o para a utiliza\u00e7\u00e3o respons\u00e1vel e sustent\u00e1vel dos recursos naturais. S\u00e3o exemplos:<\/p>\n\n\n\n<ul><li>CRIA \u2013 Atelier de Express\u00f5es;<\/li><li>Descoberta e Aventura;<\/li><li>Ambiente.<\/li><\/ul>\n\n\n\n<div style=\"height:100px\" aria-hidden=\"true\" class=\"wp-block-spacer\"><\/div>\n\n\n\n<h2 id=\"noticias\">Not\u00edcias<\/h2>\n\n\n<ul class=\"wp-block-latest-posts__list is-grid columns-4 wp-block-latest-posts\"><li><div class=\"wp-block-latest-posts__featured-image aligncenter\"><img width=\"150\" height=\"150\" src=\"https:\/\/nortecrescente.pt\/web\/wp-content\/uploads\/2026\/03\/imagem-face-caca-ao-ovo-150x150.png\" class=\"attachment-thumbnail size-thumbnail wp-post-image\" alt=\"\" loading=\"lazy\" style=\"\" \/><\/div><a class=\"wp-block-latest-posts__post-title\" href=\"https:\/\/nortecrescente.pt\/web\/pascoa-2026-caca-ao-ovo-quinta-do-norte\">P\u00e1scoa 2026 &#8211; Ca\u00e7a ao Ovo &#8211; Quinta do Norte<\/a><div class=\"wp-block-latest-posts__post-excerpt\">No pr\u00f3ximo dia 28 de mar\u00e7o, das 15h \u00e0s 19h, a Quinta do Norte ser\u00e1 palco de uma tarde dedicada \u00e0 Ca\u00e7a ao Ovo, pensada para os mais pequenos e &#8230;<\/div><\/li>\n<li><div class=\"wp-block-latest-posts__featured-image aligncenter\"><img width=\"150\" height=\"150\" src=\"https:\/\/nortecrescente.pt\/web\/wp-content\/uploads\/2026\/01\/26.01-cartaz-Gincana-Ramo-Grande-150x150.jpeg\" class=\"attachment-thumbnail size-thumbnail wp-post-image\" alt=\"\" loading=\"lazy\" style=\"\" \/><\/div><a class=\"wp-block-latest-posts__post-title\" href=\"https:\/\/nortecrescente.pt\/web\/dia-de-trabalho-bois-da-raca-ramo-grande-17-janeiro-2025\">Dia de Trabalho \u2013 Bois da Ra\u00e7a Ramo Grande &#8211; 17 janeiro 2025<\/a><div class=\"wp-block-latest-posts__post-excerpt\">Dia de Trabalho \u2013 Bois da Ra\u00e7a Ramo Grande&#8211; Gincana com carros de Bois&#8211; Promo\u00e7\u00e3o Papas de Carolo Pilar da Bretanha \u2013 Parque de Aventura17 de janeiro \u2013 Parque de &#8230;<\/div><\/li>\n<li><div class=\"wp-block-latest-posts__featured-image aligncenter\"><img width=\"150\" height=\"150\" src=\"https:\/\/nortecrescente.pt\/web\/wp-content\/uploads\/2025\/12\/imagem-destaque-AGv2-150x150.jpg\" class=\"attachment-thumbnail size-thumbnail wp-post-image\" alt=\"\" loading=\"lazy\" style=\"\" \/><\/div><a class=\"wp-block-latest-posts__post-title\" href=\"https:\/\/nortecrescente.pt\/web\/norte-crescente\"><strong>Norte Crescente<\/strong><\/a><div class=\"wp-block-latest-posts__post-excerpt\">Associa\u00e7\u00e3o de Desenvolvimento Local CONVOCAT\u00d3RIA Nos termos e para os efeitos do disposto nos artigos 28\u00ba n\u00ba 3 e artigo 29\u00ba dos Estatutos da Associa\u00e7\u00e3o Norte Crescente &#8211; ADL e &#8230;<\/div><\/li>\n<li><div class=\"wp-block-latest-posts__featured-image aligncenter\"><img width=\"150\" height=\"150\" src=\"https:\/\/nortecrescente.pt\/web\/wp-content\/uploads\/2025\/12\/imagem-de-destaque-150x150.jpg\" class=\"attachment-thumbnail size-thumbnail wp-post-image\" alt=\"\" loading=\"lazy\" style=\"\" \/><\/div><a class=\"wp-block-latest-posts__post-title\" href=\"https:\/\/nortecrescente.pt\/web\/concurso-natal-ecologico-decora-me-3\">Concurso \u201cNatal Ecol\u00f3gico \u2013 Decora-me\u201d<\/a><div class=\"wp-block-latest-posts__post-excerpt\">Neste Natal, a Norte Crescente volta a desafiar a comunidade a pensar de forma mais verde, a repensar o que consome e a transformar pequenos gestos em grandes atitudes que &#8230;<\/div><\/li>\n<\/ul>","protected":false},"excerpt":{"rendered":"<p>OBJETIVOS O Centro de Desenvolvimento e Inclus\u00e3o Juvenil \u2013 Novos Rumos \u00e9 uma resposta da Norte Crescente \u2013 ADL que, integrado na rede regional de CDIJ, constitui-se como uma estrutura &#8230;<\/p>\n","protected":false},"author":2,"featured_media":0,"parent":14,"menu_order":0,"comment_status":"closed","ping_status":"open","template":"template-fullwidth.php","meta":{"ngg_post_thumbnail":0},"featured_image_urls":{"full":"","thumbnail":"","medium":"","medium_large":"","large":"","1536x1536":"","2048x2048":"","onepress-blog-small":"","onepress-small":"","onepress-medium":""},"post_excerpt_stackable":"<p>slider_cdij3slider_cdij4slider_cdij5slider_cdij4slider_cdij2slider_cdij1 OBJETIVOS O Centro de Desenvolvimento e Inclus\u00e3o Juvenil \u2013 Novos Rumos \u00e9 uma resposta da Norte Crescente \u2013 ADL que, integrado na rede regional de CDIJ, constitui-se como uma estrutura comunit\u00e1ria de interven\u00e7\u00e3o psicossocial individualizada, que visa colmatar as necessidades e desenvolver as potencialidades, de jovens entre os 14 e os 25 anos, em situa\u00e7\u00e3o de risco, permitindo um desenvolvimento pleno e saud\u00e1vel, facilitando a sua reintegra\u00e7\u00e3o atrav\u00e9s do desenvolvimento de compet\u00eancias pessoais, sociais, educativas e de empregabilidade. A finalidade da interven\u00e7\u00e3o do CDIJ Novos Rumos assenta em 3 eixos: Empatia, Educa\u00e7\u00e3o e Empregabilidade, privilegiando a rela\u00e7\u00e3o com o&hellip;<\/p>\n","category_list":"","author_info":{"name":"admin","url":"https:\/\/nortecrescente.pt\/web\/author\/admin"},"comments_num":"0 comments","featured_image_urls_v2":{"full":"","thumbnail":"","medium":"","medium_large":"","large":"","1536x1536":"","2048x2048":"","onepress-blog-small":"","onepress-small":"","onepress-medium":""},"post_excerpt_stackable_v2":"<p>slider_cdij3slider_cdij4slider_cdij5slider_cdij4slider_cdij2slider_cdij1 OBJETIVOS O Centro de Desenvolvimento e Inclus\u00e3o Juvenil \u2013 Novos Rumos \u00e9 uma resposta da Norte Crescente \u2013 ADL que, integrado na rede regional de CDIJ, constitui-se como uma estrutura comunit\u00e1ria de interven\u00e7\u00e3o psicossocial individualizada, que visa colmatar as necessidades e desenvolver as potencialidades, de jovens entre os 14 e os 25 anos, em situa\u00e7\u00e3o de risco, permitindo um desenvolvimento pleno e saud\u00e1vel, facilitando a sua reintegra\u00e7\u00e3o atrav\u00e9s do desenvolvimento de compet\u00eancias pessoais, sociais, educativas e de empregabilidade. A finalidade da interven\u00e7\u00e3o do CDIJ Novos Rumos assenta em 3 eixos: Empatia, Educa\u00e7\u00e3o e Empregabilidade, privilegiando a rela\u00e7\u00e3o com o&hellip;<\/p>\n","category_list_v2":"","author_info_v2":{"name":"admin","url":"https:\/\/nortecrescente.pt\/web\/author\/admin"},"comments_num_v2":"0 comments","_links":{"self":[{"href":"https:\/\/nortecrescente.pt\/web\/wp-json\/wp\/v2\/pages\/25"}],"collection":[{"href":"https:\/\/nortecrescente.pt\/web\/wp-json\/wp\/v2\/pages"}],"about":[{"href":"https:\/\/nortecrescente.pt\/web\/wp-json\/wp\/v2\/types\/page"}],"author":[{"embeddable":true,"href":"https:\/\/nortecrescente.pt\/web\/wp-json\/wp\/v2\/users\/2"}],"replies":[{"embeddable":true,"href":"https:\/\/nortecrescente.pt\/web\/wp-json\/wp\/v2\/comments?post=25"}],"version-history":[{"count":56,"href":"https:\/\/nortecrescente.pt\/web\/wp-json\/wp\/v2\/pages\/25\/revisions"}],"predecessor-version":[{"id":3498,"href":"https:\/\/nortecrescente.pt\/web\/wp-json\/wp\/v2\/pages\/25\/revisions\/3498"}],"up":[{"embeddable":true,"href":"https:\/\/nortecrescente.pt\/web\/wp-json\/wp\/v2\/pages\/14"}],"wp:attachment":[{"href":"https:\/\/nortecrescente.pt\/web\/wp-json\/wp\/v2\/media?parent=25"}],"curies":[{"name":"wp","href":"https:\/\/api.w.org\/{rel}","templated":true}]}}