	{"id":2711,"date":"2021-02-26T15:53:04","date_gmt":"2021-02-26T16:53:04","guid":{"rendered":"https:\/\/nortecrescente.pt\/web\/?page_id=2711"},"modified":"2022-01-27T16:06:15","modified_gmt":"2022-01-27T17:06:15","slug":"sobre-nos","status":"publish","type":"page","link":"https:\/\/nortecrescente.pt\/web\/sobre-nos","title":{"rendered":"Sobre n\u00f3s"},"content":{"rendered":"\n<div class=\"wp-block-image\"><figure class=\"aligncenter\"><a href=\"https:\/\/nortecrescente.pt\/web\/wp-content\/uploads\/2020\/01\/quintadonorte2.jpg\"><img src=\"https:\/\/nortecrescente.pt\/web\/wp-content\/uploads\/2020\/01\/quintadonorte2-1024x400.jpg\" alt=\"\"\/><\/a><\/figure><\/div>\n\n\n\n<p>Constitu\u00edda em Junho de 2003, a <strong>NORTE CRESCENTE &#8211; Associa\u00e7\u00e3o de Desenvolvimento Local<\/strong> \u2013 \u00e9 uma IPSS, com o objetivo de \u201cpromover o desenvolvimento integrado das freguesias da costa norte do concelho de Ponta Delgada, faixa geogr\u00e1fica entre Pilar da Bretanha e Fenais da Luz, em especial nas \u00e1reas: social, cultural, desportiva, econ\u00f3mica, juvenil, artesanato e educativa\u201d, intervindo de forma transversal e integrada nas diversas \u00e1reas referidas, gerando-se, assim, sinergias no aproveitamento dos recursos materiais, humanos e financeiros locais. \u00c9 constitu\u00edda pelas seguintes val\u00eancias: Centro de Aconselhamento Familiar e Promo\u00e7\u00e3o da Empregabilidade (CAFPE), Centro de Desenvolvimento e Inclus\u00e3o Juvenil \u2013 Novos Rumos (CDIJ), Centro de Anima\u00e7\u00e3o e Sustentabilidade do Territ\u00f3rio (CAST) e tr\u00eas Centros S\u00f3cio Educativos e Tecnol\u00f3gicos \u2013 ATL.<\/p>\n\n\n\n<hr class=\"wp-block-separator is-style-default\"\/>\n\n\n\n<h2 id=\"valores\">Valores<\/h2>\n\n\n\n<div class=\"wp-container-4 wp-block-columns\">\n<div class=\"wp-container-1 wp-block-column\">\n<p class=\"has-text-align-center\"><strong>EDUCA\u00c7\u00c3O<\/strong><\/p>\n\n\n\n<p>A educa\u00e7\u00e3o \u00e9 um dos bens essenciais na nossa sociedade contribuindo para a eleva\u00e7\u00e3o de conceitos como a socializa\u00e7\u00e3o e a cultura. Na Norte Crescente a educa\u00e7\u00e3o \u00e9 transmitida atrav\u00e9s da dinamiza\u00e7\u00e3o de v\u00e1rias atividades como o apoio ao estudo, workshops diversos e a\u00e7\u00f5es de sensibiliza\u00e7\u00e3o de \u00edndole variada.<\/p>\n<\/div>\n\n\n\n<div class=\"wp-container-2 wp-block-column\">\n<p class=\"has-text-align-center\"><strong>DESENVOLVIMENTO<\/strong><\/p>\n\n\n\n<p>Como associa\u00e7\u00e3o de desenvolvimento local temos como primordial preocupa\u00e7\u00e3o contribuir para o desenvolvimento a v\u00e1rios n\u00edveis das popula\u00e7\u00f5es das v\u00e1rias freguesias do nosso raio de a\u00e7\u00e3o atrav\u00e9s de iniciativas ligadas ao desporto, turismo, novas tecnologias, inclus\u00e3o digital, empreendedorismo, juventude, cultura, ambiente, igualdade de oportunidades, entre outras.<\/p>\n<\/div>\n\n\n\n<div class=\"wp-container-3 wp-block-column\">\n<p class=\"has-text-align-center\"><strong>INOVA\u00c7\u00c3O<\/strong><\/p>\n\n\n\n<p>N\u00e3o h\u00e1 maior satisfa\u00e7\u00e3o para n\u00f3s que contribuir para a evolu\u00e7\u00e3o do nosso povo. O nosso maior desafio \u00e9 derrubar barreiras de modo a evoluirmos atrav\u00e9s da aquisi\u00e7\u00e3o de conhecimentos bem como da partilha de experi\u00eancias. A transversalidade dos temas abordados passa pela interven\u00e7\u00e3o social, cultural, desportiva, econ\u00f3mica, ambiental, juvenil e educativa, sempre na perspetiva da promo\u00e7\u00e3o do desenvolvimento local, principal matriz agregadora da Norte Crescente.<\/p>\n<\/div>\n<\/div>\n\n\n\n<h2 id=\"noticias\">Not\u00edcias<\/h2>\n\n\n<ul class=\"wp-block-latest-posts__list is-grid columns-3 wp-block-latest-posts\"><li><div class=\"wp-block-latest-posts__featured-image aligncenter\"><img width=\"300\" height=\"143\" src=\"https:\/\/nortecrescente.pt\/web\/wp-content\/uploads\/2026\/03\/imagem-face-caca-ao-ovo-300x143.png\" class=\"attachment-medium size-medium wp-post-image\" alt=\"\" loading=\"lazy\" style=\"\" srcset=\"https:\/\/nortecrescente.pt\/web\/wp-content\/uploads\/2026\/03\/imagem-face-caca-ao-ovo-300x143.png 300w, https:\/\/nortecrescente.pt\/web\/wp-content\/uploads\/2026\/03\/imagem-face-caca-ao-ovo-768x367.png 768w, https:\/\/nortecrescente.pt\/web\/wp-content\/uploads\/2026\/03\/imagem-face-caca-ao-ovo.png 1023w\" sizes=\"(max-width: 300px) 100vw, 300px\" \/><\/div><a class=\"wp-block-latest-posts__post-title\" href=\"https:\/\/nortecrescente.pt\/web\/pascoa-2026-caca-ao-ovo-quinta-do-norte\">P\u00e1scoa 2026 &#8211; Ca\u00e7a ao Ovo &#8211; Quinta do Norte<\/a><div class=\"wp-block-latest-posts__post-excerpt\">No pr\u00f3ximo dia 28 de mar\u00e7o, das 15h \u00e0s 19h, a Quinta do Norte ser\u00e1 palco de uma tarde dedicada \u00e0 Ca\u00e7a ao Ovo, pensada para os mais pequenos e &#8230;<\/div><\/li>\n<li><div class=\"wp-block-latest-posts__featured-image aligncenter\"><img width=\"240\" height=\"300\" src=\"https:\/\/nortecrescente.pt\/web\/wp-content\/uploads\/2026\/01\/26.01-cartaz-Gincana-Ramo-Grande-240x300.jpeg\" class=\"attachment-medium size-medium wp-post-image\" alt=\"\" loading=\"lazy\" style=\"\" srcset=\"https:\/\/nortecrescente.pt\/web\/wp-content\/uploads\/2026\/01\/26.01-cartaz-Gincana-Ramo-Grande-240x300.jpeg 240w, https:\/\/nortecrescente.pt\/web\/wp-content\/uploads\/2026\/01\/26.01-cartaz-Gincana-Ramo-Grande-819x1024.jpeg 819w, https:\/\/nortecrescente.pt\/web\/wp-content\/uploads\/2026\/01\/26.01-cartaz-Gincana-Ramo-Grande-768x960.jpeg 768w, https:\/\/nortecrescente.pt\/web\/wp-content\/uploads\/2026\/01\/26.01-cartaz-Gincana-Ramo-Grande.jpeg 1080w\" sizes=\"(max-width: 240px) 100vw, 240px\" \/><\/div><a class=\"wp-block-latest-posts__post-title\" href=\"https:\/\/nortecrescente.pt\/web\/dia-de-trabalho-bois-da-raca-ramo-grande-17-janeiro-2025\">Dia de Trabalho \u2013 Bois da Ra\u00e7a Ramo Grande &#8211; 17 janeiro 2025<\/a><div class=\"wp-block-latest-posts__post-excerpt\">Dia de Trabalho \u2013 Bois da Ra\u00e7a Ramo Grande&#8211; Gincana com carros de Bois&#8211; Promo\u00e7\u00e3o Papas de Carolo Pilar da Bretanha \u2013 Parque de Aventura17 de janeiro \u2013 Parque de &#8230;<\/div><\/li>\n<li><div class=\"wp-block-latest-posts__featured-image aligncenter\"><img width=\"300\" height=\"142\" src=\"https:\/\/nortecrescente.pt\/web\/wp-content\/uploads\/2025\/12\/imagem-destaque-AGv2-300x142.jpg\" class=\"attachment-medium size-medium wp-post-image\" alt=\"\" loading=\"lazy\" style=\"\" srcset=\"https:\/\/nortecrescente.pt\/web\/wp-content\/uploads\/2025\/12\/imagem-destaque-AGv2-300x142.jpg 300w, https:\/\/nortecrescente.pt\/web\/wp-content\/uploads\/2025\/12\/imagem-destaque-AGv2.jpg 506w\" sizes=\"(max-width: 300px) 100vw, 300px\" \/><\/div><a class=\"wp-block-latest-posts__post-title\" href=\"https:\/\/nortecrescente.pt\/web\/norte-crescente\"><strong>Norte Crescente<\/strong><\/a><div class=\"wp-block-latest-posts__post-excerpt\">Associa\u00e7\u00e3o de Desenvolvimento Local CONVOCAT\u00d3RIA Nos termos e para os efeitos do disposto nos artigos 28\u00ba n\u00ba 3 e artigo 29\u00ba dos Estatutos da Associa\u00e7\u00e3o Norte Crescente &#8211; ADL e &#8230;<\/div><\/li>\n<\/ul>","protected":false},"excerpt":{"rendered":"<p>Constitu\u00edda em Junho de 2003, a NORTE CRESCENTE &#8211; Associa\u00e7\u00e3o de Desenvolvimento Local \u2013 \u00e9 uma IPSS, com o objetivo de \u201cpromover o desenvolvimento integrado das freguesias da costa norte &#8230;<\/p>\n","protected":false},"author":1,"featured_media":0,"parent":0,"menu_order":0,"comment_status":"closed","ping_status":"closed","template":"","meta":{"ngg_post_thumbnail":0},"featured_image_urls":{"full":"","thumbnail":"","medium":"","medium_large":"","large":"","1536x1536":"","2048x2048":"","onepress-blog-small":"","onepress-small":"","onepress-medium":""},"post_excerpt_stackable":"<p>Constitu\u00edda em Junho de 2003, a NORTE CRESCENTE &#8211; Associa\u00e7\u00e3o de Desenvolvimento Local \u2013 \u00e9 uma IPSS, com o objetivo de \u201cpromover o desenvolvimento integrado das freguesias da costa norte do concelho de Ponta Delgada, faixa geogr\u00e1fica entre Pilar da Bretanha e Fenais da Luz, em especial nas \u00e1reas: social, cultural, desportiva, econ\u00f3mica, juvenil, artesanato e educativa\u201d, intervindo de forma transversal e integrada nas diversas \u00e1reas referidas, gerando-se, assim, sinergias no aproveitamento dos recursos materiais, humanos e financeiros locais. \u00c9 constitu\u00edda pelas seguintes val\u00eancias: Centro de Aconselhamento Familiar e Promo\u00e7\u00e3o da Empregabilidade (CAFPE), Centro de Desenvolvimento e Inclus\u00e3o Juvenil \u2013&hellip;<\/p>\n","category_list":"","author_info":{"name":"Norte Crescente","url":"https:\/\/nortecrescente.pt\/web\/author\/adminnc2033"},"comments_num":"0 comments","featured_image_urls_v2":{"full":"","thumbnail":"","medium":"","medium_large":"","large":"","1536x1536":"","2048x2048":"","onepress-blog-small":"","onepress-small":"","onepress-medium":""},"post_excerpt_stackable_v2":"<p>Constitu\u00edda em Junho de 2003, a NORTE CRESCENTE &#8211; Associa\u00e7\u00e3o de Desenvolvimento Local \u2013 \u00e9 uma IPSS, com o objetivo de \u201cpromover o desenvolvimento integrado das freguesias da costa norte do concelho de Ponta Delgada, faixa geogr\u00e1fica entre Pilar da Bretanha e Fenais da Luz, em especial nas \u00e1reas: social, cultural, desportiva, econ\u00f3mica, juvenil, artesanato e educativa\u201d, intervindo de forma transversal e integrada nas diversas \u00e1reas referidas, gerando-se, assim, sinergias no aproveitamento dos recursos materiais, humanos e financeiros locais. \u00c9 constitu\u00edda pelas seguintes val\u00eancias: Centro de Aconselhamento Familiar e Promo\u00e7\u00e3o da Empregabilidade (CAFPE), Centro de Desenvolvimento e Inclus\u00e3o Juvenil \u2013&hellip;<\/p>\n","category_list_v2":"","author_info_v2":{"name":"Norte Crescente","url":"https:\/\/nortecrescente.pt\/web\/author\/adminnc2033"},"comments_num_v2":"0 comments","_links":{"self":[{"href":"https:\/\/nortecrescente.pt\/web\/wp-json\/wp\/v2\/pages\/2711"}],"collection":[{"href":"https:\/\/nortecrescente.pt\/web\/wp-json\/wp\/v2\/pages"}],"about":[{"href":"https:\/\/nortecrescente.pt\/web\/wp-json\/wp\/v2\/types\/page"}],"author":[{"embeddable":true,"href":"https:\/\/nortecrescente.pt\/web\/wp-json\/wp\/v2\/users\/1"}],"replies":[{"embeddable":true,"href":"https:\/\/nortecrescente.pt\/web\/wp-json\/wp\/v2\/comments?post=2711"}],"version-history":[{"count":20,"href":"https:\/\/nortecrescente.pt\/web\/wp-json\/wp\/v2\/pages\/2711\/revisions"}],"predecessor-version":[{"id":3493,"href":"https:\/\/nortecrescente.pt\/web\/wp-json\/wp\/v2\/pages\/2711\/revisions\/3493"}],"wp:attachment":[{"href":"https:\/\/nortecrescente.pt\/web\/wp-json\/wp\/v2\/media?parent=2711"}],"curies":[{"name":"wp","href":"https:\/\/api.w.org\/{rel}","templated":true}]}}