	{"id":36,"date":"2011-10-19T16:07:01","date_gmt":"2011-10-19T16:07:01","guid":{"rendered":"http:\/\/nortecrescente.pt\/web\/?page_id=36"},"modified":"2022-01-27T16:07:37","modified_gmt":"2022-01-27T17:07:37","slug":"cast","status":"publish","type":"page","link":"https:\/\/nortecrescente.pt\/web\/valencias\/cast","title":{"rendered":"CAST (Centro de Anima\u00e7\u00e3o e Sustentabilidade do Territ\u00f3rio)"},"content":{"rendered":"<div class=\"n2-section-smartslider fitvidsignore \" data-ssid=\"13\" tabindex=\"0\" role=\"region\" aria-label=\"Slider\"><div id=\"n2-ss-13-align\" class=\"n2-ss-align\"><div class=\"n2-padding\"><div id=\"n2-ss-13\" data-creator=\"Smart Slider 3\" data-responsive=\"auto\" class=\"n2-ss-slider n2-ow n2-has-hover n2notransition  \">\n        <div class=\"n2-ss-slider-1 n2_ss__touch_element n2-ow\">\n            <div class=\"n2-ss-slider-2 n2-ow\">\n                                                <div class=\"n2-ss-slider-3 n2-ow\">\n\n                    <div class=\"n2-ss-slide-backgrounds n2-ow-all\"><div class=\"n2-ss-slide-background\" data-public-id=\"1\" data-mode=\"fill\"><div data-color=\"RGBA(255,255,255,0)\" style=\"background-color: RGBA(255,255,255,0);\" class=\"n2-ss-slide-background-color\"><\/div><\/div><div class=\"n2-ss-slide-background\" data-public-id=\"2\" data-mode=\"fill\" aria-hidden=\"true\"><div data-color=\"RGBA(255,255,255,0)\" style=\"background-color: RGBA(255,255,255,0);\" class=\"n2-ss-slide-background-color\"><\/div><\/div><div class=\"n2-ss-slide-background\" data-public-id=\"3\" data-mode=\"fill\" aria-hidden=\"true\"><div data-color=\"RGBA(255,255,255,0)\" style=\"background-color: RGBA(255,255,255,0);\" class=\"n2-ss-slide-background-color\"><\/div><\/div><div class=\"n2-ss-slide-background\" data-public-id=\"4\" data-mode=\"fill\" aria-hidden=\"true\"><div data-color=\"RGBA(255,255,255,0)\" style=\"background-color: RGBA(255,255,255,0);\" class=\"n2-ss-slide-background-color\"><\/div><\/div><div class=\"n2-ss-slide-background\" data-public-id=\"5\" data-mode=\"fill\" aria-hidden=\"true\"><div data-color=\"RGBA(255,255,255,0)\" style=\"background-color: RGBA(255,255,255,0);\" class=\"n2-ss-slide-background-color\"><\/div><\/div><\/div>                    <div class=\"n2-ss-slider-4 n2-ow\">\n                        <svg xmlns=\"http:\/\/www.w3.org\/2000\/svg\" viewBox=\"0 0 910 355\" data-related-device=\"desktopPortrait\" class=\"n2-ow n2-ss-preserve-size n2-ss-preserve-size--slider n2-ss-slide-limiter\"><\/svg><div data-first=\"1\" data-slide-duration=\"0\" data-id=\"112\" data-slide-public-id=\"1\" data-title=\"sliderpromocaoambiental1\" class=\"n2-ss-slide n2-ow  n2-ss-slide-112\"><div role=\"note\" class=\"n2-ss-slide--focus\" tabindex=\"-1\">sliderpromocaoambiental1<\/div><div class=\"n2-ss-layers-container n2-ss-slide-limiter n2-ow\"><div class=\"n2-ss-layer n2-ow n-uc-1Qg3xUGxjlYj\" data-sstype=\"slide\" data-pm=\"default\"><div class=\"n2-ss-layer n2-ow n-uc-1ddcf3a6ad291\" data-pm=\"default\" data-sstype=\"content\" data-hasbackground=\"1\"><div class=\"n2-ss-section-main-content n2-ss-layer-with-background n2-ss-layer-content n2-ow n-uc-1ddcf3a6ad291-inner\"><\/div><\/div><\/div><\/div><\/div><div data-slide-duration=\"0\" data-id=\"113\" data-slide-public-id=\"2\" aria-hidden=\"true\" data-title=\"sliderpromocaoambiental2\" class=\"n2-ss-slide n2-ow  n2-ss-slide-113\"><div role=\"note\" class=\"n2-ss-slide--focus\" tabindex=\"-1\">sliderpromocaoambiental2<\/div><div class=\"n2-ss-layers-container n2-ss-slide-limiter n2-ow\"><div class=\"n2-ss-layer n2-ow n-uc-gP2TTEJUrWx4\" data-sstype=\"slide\" data-pm=\"default\"><div class=\"n2-ss-layer n2-ow n-uc-1a054703711ee\" data-pm=\"default\" data-sstype=\"content\" data-hasbackground=\"1\"><div class=\"n2-ss-section-main-content n2-ss-layer-with-background n2-ss-layer-content n2-ow n-uc-1a054703711ee-inner\"><\/div><\/div><\/div><\/div><\/div><div data-slide-duration=\"0\" data-id=\"114\" data-slide-public-id=\"3\" aria-hidden=\"true\" data-title=\"sliderpromocaoambiental3\" class=\"n2-ss-slide n2-ow  n2-ss-slide-114\"><div role=\"note\" class=\"n2-ss-slide--focus\" tabindex=\"-1\">sliderpromocaoambiental3<\/div><div class=\"n2-ss-layers-container n2-ss-slide-limiter n2-ow\"><div class=\"n2-ss-layer n2-ow n-uc-CntfaeTmE0Zm\" data-sstype=\"slide\" data-pm=\"default\"><div class=\"n2-ss-layer n2-ow n-uc-1012730ba335a\" data-pm=\"default\" data-sstype=\"content\" data-hasbackground=\"1\"><div class=\"n2-ss-section-main-content n2-ss-layer-with-background n2-ss-layer-content n2-ow n-uc-1012730ba335a-inner\"><\/div><\/div><\/div><\/div><\/div><div data-slide-duration=\"0\" data-id=\"115\" data-slide-public-id=\"4\" aria-hidden=\"true\" data-title=\"sliderpromocaoambiental4\" class=\"n2-ss-slide n2-ow  n2-ss-slide-115\"><div role=\"note\" class=\"n2-ss-slide--focus\" tabindex=\"-1\">sliderpromocaoambiental4<\/div><div class=\"n2-ss-layers-container n2-ss-slide-limiter n2-ow\"><div class=\"n2-ss-layer n2-ow n-uc-iNMsOdq3vRMx\" data-sstype=\"slide\" data-pm=\"default\"><div class=\"n2-ss-layer n2-ow n-uc-10d1e1e58aefa\" data-pm=\"default\" data-sstype=\"content\" data-hasbackground=\"1\"><div class=\"n2-ss-section-main-content n2-ss-layer-with-background n2-ss-layer-content n2-ow n-uc-10d1e1e58aefa-inner\"><\/div><\/div><\/div><\/div><\/div><div data-slide-duration=\"0\" data-id=\"116\" data-slide-public-id=\"5\" aria-hidden=\"true\" data-title=\"sliderpromocaoambiental5\" class=\"n2-ss-slide n2-ow  n2-ss-slide-116\"><div role=\"note\" class=\"n2-ss-slide--focus\" tabindex=\"-1\">sliderpromocaoambiental5<\/div><div class=\"n2-ss-layers-container n2-ss-slide-limiter n2-ow\"><div class=\"n2-ss-layer n2-ow n-uc-MNiPQuEN81zw\" data-sstype=\"slide\" data-pm=\"default\"><div class=\"n2-ss-layer n2-ow n-uc-1e337efd9d0f2\" data-pm=\"default\" data-sstype=\"content\" data-hasbackground=\"1\"><div class=\"n2-ss-section-main-content n2-ss-layer-with-background n2-ss-layer-content n2-ow n-uc-1e337efd9d0f2-inner\"><\/div><\/div><\/div><\/div><\/div>                    <\/div>\n\n                                    <\/div>\n            <\/div>\n        <\/div>\n        <\/div><ss3-loader><\/ss3-loader><\/div><\/div><div class=\"n2_clear\"><\/div><\/div>\n\n\n<p>O <strong>Centro de Anima\u00e7\u00e3o e Sustentabilidade do Territ\u00f3rio<\/strong> tem como objetivos:<\/p>\n\n\n\n<ul><li>Valorizar os recursos e promover o equil\u00edbrio ambiental.<\/li><li>Promover, valorizar e proteger \u00e1reas protegidas.<\/li><li>Formar gera\u00e7\u00f5es futuras para um consumo sustent\u00e1vel e em harmonia com o ambiente.<\/li><li>Fomentar o gosto pela astronomia.<\/li><li>Suscitar o interesse pelas ci\u00eancias aplicadas.<\/li><li>Sensibilizar para a import\u00e2ncia da responsabilidade social e ambiental.<\/li><li>Estimular o pedestrianismo .<\/li><\/ul>\n\n\n\n<p><\/p>\n\n\n\n<h2 id=\"quinta-do-norte\">QUINTA DO NORTE<\/h2>\n\n\n\n<ul><li>Valoriza\u00e7\u00e3o e reabilita\u00e7\u00e3o dos edif\u00edcios da Quinta do Norte, bem como, implementa\u00e7\u00e3o da horta e quinta pedag\u00f3gica transformando-os em locais de excel\u00eancia para a dinamiza\u00e7\u00e3o das atividades propostas;<\/li><li>Realiza\u00e7\u00e3o de Campos de F\u00e9rias;<\/li><li>Implementa\u00e7\u00e3o de ateliers de carpintaria e olaria;<\/li><li>Realiza\u00e7\u00e3o de workshops de trabalhos Artesanais dos A\u00e7ores;<\/li><li>Recria\u00e7\u00e3o e inova\u00e7\u00e3o de artes e of\u00edcios, tradi\u00e7\u00f5es e costumes<\/li><li>Realiza\u00e7\u00e3o de workshops de Artes C\u00e9nicas;<\/li><li>Dinamiza\u00e7\u00e3o de ac\u00e7\u00f5es, muito em especial junto da comunidade escolar, sobre as tem\u00e1ticas de protec\u00e7\u00e3o ambiental;<\/li><li>Dinamiza\u00e7\u00e3o de actividades com a comunidade, destacando a promo\u00e7\u00e3o do voluntariado ambiental, visando alertar a popula\u00e7\u00e3o para as problem\u00e1ticas ambientais da actualidade;<\/li><li>Preserva\u00e7\u00e3o e divulga\u00e7\u00e3o de esp\u00e9cies end\u00e9micas dos A\u00e7ores;<\/li><li>Execu\u00e7\u00e3o de roteiros pedag\u00f3gicos, nomeadamente, o roteiro das energias, das end\u00e9micas, roteiros para observa\u00e7\u00e3o de aves e mam\u00edferos, entre outros;<\/li><li>Realiza\u00e7\u00e3o de percursos ambientais pela cidadania ambiental;<\/li><li>Produ\u00e7\u00e3o de material promocional de valoriza\u00e7\u00e3o, protec\u00e7\u00e3o e divulga\u00e7\u00e3o das Zonas Protegidas da \u00e1rea de interven\u00e7\u00e3o do projecto;<\/li><li>Promo\u00e7\u00e3o de actividades de ocupa\u00e7\u00e3o pedag\u00f3gica de tempos livres das crian\u00e7as\/jovens, idosos e pessoas portadoras de defici\u00eancia no \u00e2mbito dos referidos objectivos do projecto;<\/li><li>Reabilita\u00e7\u00e3o\/ implementa\u00e7\u00e3o do Centro de Est\u00e1gio\/Col\u00f3nia de F\u00e9rias, tornando-se um local de excel\u00eancia para o alojamento de desportistas e grupos visitantes;<\/li><li>Realiza\u00e7\u00e3o de desportos de Natureza.<\/li><\/ul>\n\n\n\n<h2 id=\"pedestrianismo\">PEDESTRIANISMO<\/h2>\n\n\n\n<ul><li>Promo\u00e7\u00e3o do pedestrianismo.<\/li><li>Cria\u00e7\u00e3o de dois novos trilhos na \u00e1rea de interven\u00e7\u00e3o da Norte Crescente nas freguesias de Jo\u00e3o Bom \u2013 Bretanha e Fenais.<\/li><li>Passeios pedestres subordinados a temas espec\u00edficos: fauna, flora e patrim\u00f3nio cultural.<\/li><li>Dinamiza\u00e7\u00e3o do \u201cPedestrianismo para todos\/as\u201d<\/li><li>Percurso urbano da Vila das Capelas e Trilho do Pau Pique.<\/li><\/ul>\n\n\n\n<div style=\"height:100px\" aria-hidden=\"true\" class=\"wp-block-spacer\"><\/div>\n\n\n\n<h2 id=\"noticias\">Not\u00edcias<\/h2>\n\n\n<ul class=\"wp-block-latest-posts__list is-grid columns-4 wp-block-latest-posts\"><li><div class=\"wp-block-latest-posts__featured-image aligncenter\"><img width=\"150\" height=\"150\" src=\"https:\/\/nortecrescente.pt\/web\/wp-content\/uploads\/2026\/03\/imagem-face-caca-ao-ovo-150x150.png\" class=\"attachment-thumbnail size-thumbnail wp-post-image\" alt=\"\" loading=\"lazy\" style=\"\" \/><\/div><a class=\"wp-block-latest-posts__post-title\" href=\"https:\/\/nortecrescente.pt\/web\/pascoa-2026-caca-ao-ovo-quinta-do-norte\">P\u00e1scoa 2026 &#8211; Ca\u00e7a ao Ovo &#8211; Quinta do Norte<\/a><div class=\"wp-block-latest-posts__post-excerpt\">No pr\u00f3ximo dia 28 de mar\u00e7o, das 15h \u00e0s 19h, a Quinta do Norte ser\u00e1 palco de uma tarde dedicada \u00e0 Ca\u00e7a ao Ovo, pensada para os mais pequenos e &#8230;<\/div><\/li>\n<li><div class=\"wp-block-latest-posts__featured-image aligncenter\"><img width=\"150\" height=\"150\" src=\"https:\/\/nortecrescente.pt\/web\/wp-content\/uploads\/2026\/01\/26.01-cartaz-Gincana-Ramo-Grande-150x150.jpeg\" class=\"attachment-thumbnail size-thumbnail wp-post-image\" alt=\"\" loading=\"lazy\" style=\"\" \/><\/div><a class=\"wp-block-latest-posts__post-title\" href=\"https:\/\/nortecrescente.pt\/web\/dia-de-trabalho-bois-da-raca-ramo-grande-17-janeiro-2025\">Dia de Trabalho \u2013 Bois da Ra\u00e7a Ramo Grande &#8211; 17 janeiro 2025<\/a><div class=\"wp-block-latest-posts__post-excerpt\">Dia de Trabalho \u2013 Bois da Ra\u00e7a Ramo Grande&#8211; Gincana com carros de Bois&#8211; Promo\u00e7\u00e3o Papas de Carolo Pilar da Bretanha \u2013 Parque de Aventura17 de janeiro \u2013 Parque de &#8230;<\/div><\/li>\n<li><div class=\"wp-block-latest-posts__featured-image aligncenter\"><img width=\"150\" height=\"150\" src=\"https:\/\/nortecrescente.pt\/web\/wp-content\/uploads\/2025\/12\/imagem-destaque-AGv2-150x150.jpg\" class=\"attachment-thumbnail size-thumbnail wp-post-image\" alt=\"\" loading=\"lazy\" style=\"\" \/><\/div><a class=\"wp-block-latest-posts__post-title\" href=\"https:\/\/nortecrescente.pt\/web\/norte-crescente\"><strong>Norte Crescente<\/strong><\/a><div class=\"wp-block-latest-posts__post-excerpt\">Associa\u00e7\u00e3o de Desenvolvimento Local CONVOCAT\u00d3RIA Nos termos e para os efeitos do disposto nos artigos 28\u00ba n\u00ba 3 e artigo 29\u00ba dos Estatutos da Associa\u00e7\u00e3o Norte Crescente &#8211; ADL e &#8230;<\/div><\/li>\n<li><div class=\"wp-block-latest-posts__featured-image aligncenter\"><img width=\"150\" height=\"150\" src=\"https:\/\/nortecrescente.pt\/web\/wp-content\/uploads\/2025\/12\/imagem-de-destaque-150x150.jpg\" class=\"attachment-thumbnail size-thumbnail wp-post-image\" alt=\"\" loading=\"lazy\" style=\"\" \/><\/div><a class=\"wp-block-latest-posts__post-title\" href=\"https:\/\/nortecrescente.pt\/web\/concurso-natal-ecologico-decora-me-3\">Concurso \u201cNatal Ecol\u00f3gico \u2013 Decora-me\u201d<\/a><div class=\"wp-block-latest-posts__post-excerpt\">Neste Natal, a Norte Crescente volta a desafiar a comunidade a pensar de forma mais verde, a repensar o que consome e a transformar pequenos gestos em grandes atitudes que &#8230;<\/div><\/li>\n<\/ul>","protected":false},"excerpt":{"rendered":"<p>O Centro de Anima\u00e7\u00e3o e Sustentabilidade do Territ\u00f3rio tem como objetivos: Valorizar os recursos e promover o equil\u00edbrio ambiental. Promover, valorizar e proteger \u00e1reas protegidas. Formar gera\u00e7\u00f5es futuras para um &#8230;<\/p>\n","protected":false},"author":2,"featured_media":0,"parent":14,"menu_order":0,"comment_status":"closed","ping_status":"open","template":"template-fullwidth.php","meta":{"ngg_post_thumbnail":0},"featured_image_urls":{"full":"","thumbnail":"","medium":"","medium_large":"","large":"","1536x1536":"","2048x2048":"","onepress-blog-small":"","onepress-small":"","onepress-medium":""},"post_excerpt_stackable":"<p>sliderpromocaoambiental1sliderpromocaoambiental2sliderpromocaoambiental3sliderpromocaoambiental4sliderpromocaoambiental5 O Centro de Anima\u00e7\u00e3o e Sustentabilidade do Territ\u00f3rio tem como objetivos: Valorizar os recursos e promover o equil\u00edbrio ambiental.Promover, valorizar e proteger \u00e1reas protegidas.Formar gera\u00e7\u00f5es futuras para um consumo sustent\u00e1vel e em harmonia com o ambiente.Fomentar o gosto pela astronomia.Suscitar o interesse pelas ci\u00eancias aplicadas.Sensibilizar para a import\u00e2ncia da responsabilidade social e ambiental.Estimular o pedestrianismo . QUINTA DO NORTE Valoriza\u00e7\u00e3o e reabilita\u00e7\u00e3o dos edif\u00edcios da Quinta do Norte, bem como, implementa\u00e7\u00e3o da horta e quinta pedag\u00f3gica transformando-os em locais de excel\u00eancia para a dinamiza\u00e7\u00e3o das atividades propostas;Realiza\u00e7\u00e3o de Campos de F\u00e9rias;Implementa\u00e7\u00e3o de ateliers de carpintaria e olaria;Realiza\u00e7\u00e3o de workshops&hellip;<\/p>\n","category_list":"","author_info":{"name":"admin","url":"https:\/\/nortecrescente.pt\/web\/author\/admin"},"comments_num":"0 comments","featured_image_urls_v2":{"full":"","thumbnail":"","medium":"","medium_large":"","large":"","1536x1536":"","2048x2048":"","onepress-blog-small":"","onepress-small":"","onepress-medium":""},"post_excerpt_stackable_v2":"<p>sliderpromocaoambiental1sliderpromocaoambiental2sliderpromocaoambiental3sliderpromocaoambiental4sliderpromocaoambiental5 O Centro de Anima\u00e7\u00e3o e Sustentabilidade do Territ\u00f3rio tem como objetivos: Valorizar os recursos e promover o equil\u00edbrio ambiental.Promover, valorizar e proteger \u00e1reas protegidas.Formar gera\u00e7\u00f5es futuras para um consumo sustent\u00e1vel e em harmonia com o ambiente.Fomentar o gosto pela astronomia.Suscitar o interesse pelas ci\u00eancias aplicadas.Sensibilizar para a import\u00e2ncia da responsabilidade social e ambiental.Estimular o pedestrianismo . QUINTA DO NORTE Valoriza\u00e7\u00e3o e reabilita\u00e7\u00e3o dos edif\u00edcios da Quinta do Norte, bem como, implementa\u00e7\u00e3o da horta e quinta pedag\u00f3gica transformando-os em locais de excel\u00eancia para a dinamiza\u00e7\u00e3o das atividades propostas;Realiza\u00e7\u00e3o de Campos de F\u00e9rias;Implementa\u00e7\u00e3o de ateliers de carpintaria e olaria;Realiza\u00e7\u00e3o de workshops&hellip;<\/p>\n","category_list_v2":"","author_info_v2":{"name":"admin","url":"https:\/\/nortecrescente.pt\/web\/author\/admin"},"comments_num_v2":"0 comments","_links":{"self":[{"href":"https:\/\/nortecrescente.pt\/web\/wp-json\/wp\/v2\/pages\/36"}],"collection":[{"href":"https:\/\/nortecrescente.pt\/web\/wp-json\/wp\/v2\/pages"}],"about":[{"href":"https:\/\/nortecrescente.pt\/web\/wp-json\/wp\/v2\/types\/page"}],"author":[{"embeddable":true,"href":"https:\/\/nortecrescente.pt\/web\/wp-json\/wp\/v2\/users\/2"}],"replies":[{"embeddable":true,"href":"https:\/\/nortecrescente.pt\/web\/wp-json\/wp\/v2\/comments?post=36"}],"version-history":[{"count":35,"href":"https:\/\/nortecrescente.pt\/web\/wp-json\/wp\/v2\/pages\/36\/revisions"}],"predecessor-version":[{"id":3496,"href":"https:\/\/nortecrescente.pt\/web\/wp-json\/wp\/v2\/pages\/36\/revisions\/3496"}],"up":[{"embeddable":true,"href":"https:\/\/nortecrescente.pt\/web\/wp-json\/wp\/v2\/pages\/14"}],"wp:attachment":[{"href":"https:\/\/nortecrescente.pt\/web\/wp-json\/wp\/v2\/media?parent=36"}],"curies":[{"name":"wp","href":"https:\/\/api.w.org\/{rel}","templated":true}]}}