	{"id":3635,"date":"2022-11-25T11:00:00","date_gmt":"2022-11-25T12:00:00","guid":{"rendered":"https:\/\/nortecrescente.pt\/web\/?page_id=3635"},"modified":"2023-10-05T23:00:01","modified_gmt":"2023-10-06T00:00:01","slug":"em-desenvolvimento","status":"publish","type":"page","link":"https:\/\/nortecrescente.pt\/web\/em-desenvolvimento","title":{"rendered":"Projetos em Desenvolvimento"},"content":{"rendered":"\n<p>A Norte Crescente &#8211; ADL possui uma din\u00e2mica proactiva na cria\u00e7\u00e3o, estrutura\u00e7\u00e3o e implementa\u00e7\u00e3o de projetos que contribuam para a concretiza\u00e7\u00e3o dos seus objetivos. Para este esfor\u00e7o muito contribui o conhecimento do territ\u00f3rio e as suas pessoas, identificando as principais necessidades sobre as quais utiliza quer as metodologias mais tradicionais como as mais inovadores com o intuito de mitigar essas necessidades e contribuir para o desenvolvimento do territ\u00f3rio das 8 freguesias da costa norte do concelho e Ponta Delgada.<\/p>\n\n\n\n<p><\/p>\n\n\n\n<p>Atualmente encontra-se a implementar os seguintes projetos:<\/p>\n\n\n\n<ul><li>FRUTTMAC <\/li><li>BPI Solid\u00e1rio<\/li><li>Festa do Milho<\/li><\/ul>\n\n\n\n<p style=\"font-size:10px\">criado em outubro 2019 atualizado em novembro 2022<\/p>\n\n\n\n<p><\/p>\n","protected":false},"excerpt":{"rendered":"<p>A Norte Crescente &#8211; ADL possui uma din\u00e2mica proactiva na cria\u00e7\u00e3o, estrutura\u00e7\u00e3o e implementa\u00e7\u00e3o de projetos que contribuam para a concretiza\u00e7\u00e3o dos seus objetivos. Para este esfor\u00e7o muito contribui o &#8230;<\/p>\n","protected":false},"author":1,"featured_media":0,"parent":0,"menu_order":0,"comment_status":"closed","ping_status":"closed","template":"","meta":{"ngg_post_thumbnail":0},"featured_image_urls":{"full":"","thumbnail":"","medium":"","medium_large":"","large":"","1536x1536":"","2048x2048":"","onepress-blog-small":"","onepress-small":"","onepress-medium":""},"post_excerpt_stackable":"<p>A Norte Crescente &#8211; ADL possui uma din\u00e2mica proactiva na cria\u00e7\u00e3o, estrutura\u00e7\u00e3o e implementa\u00e7\u00e3o de projetos que contribuam para a concretiza\u00e7\u00e3o dos seus objetivos. Para este esfor\u00e7o muito contribui o conhecimento do territ\u00f3rio e as suas pessoas, identificando as principais necessidades sobre as quais utiliza quer as metodologias mais tradicionais como as mais inovadores com o intuito de mitigar essas necessidades e contribuir para o desenvolvimento do territ\u00f3rio das 8 freguesias da costa norte do concelho e Ponta Delgada. Atualmente encontra-se a implementar os seguintes projetos: FRUTTMAC BPI Solid\u00e1rioFesta do Milho criado em outubro 2019 atualizado em novembro 2022<\/p>\n","category_list":"","author_info":{"name":"Norte Crescente","url":"https:\/\/nortecrescente.pt\/web\/author\/adminnc2033"},"comments_num":"0 comments","featured_image_urls_v2":{"full":"","thumbnail":"","medium":"","medium_large":"","large":"","1536x1536":"","2048x2048":"","onepress-blog-small":"","onepress-small":"","onepress-medium":""},"post_excerpt_stackable_v2":"<p>A Norte Crescente &#8211; ADL possui uma din\u00e2mica proactiva na cria\u00e7\u00e3o, estrutura\u00e7\u00e3o e implementa\u00e7\u00e3o de projetos que contribuam para a concretiza\u00e7\u00e3o dos seus objetivos. Para este esfor\u00e7o muito contribui o conhecimento do territ\u00f3rio e as suas pessoas, identificando as principais necessidades sobre as quais utiliza quer as metodologias mais tradicionais como as mais inovadores com o intuito de mitigar essas necessidades e contribuir para o desenvolvimento do territ\u00f3rio das 8 freguesias da costa norte do concelho e Ponta Delgada. Atualmente encontra-se a implementar os seguintes projetos: FRUTTMAC BPI Solid\u00e1rioFesta do Milho criado em outubro 2019 atualizado em novembro 2022<\/p>\n","category_list_v2":"","author_info_v2":{"name":"Norte Crescente","url":"https:\/\/nortecrescente.pt\/web\/author\/adminnc2033"},"comments_num_v2":"0 comments","_links":{"self":[{"href":"https:\/\/nortecrescente.pt\/web\/wp-json\/wp\/v2\/pages\/3635"}],"collection":[{"href":"https:\/\/nortecrescente.pt\/web\/wp-json\/wp\/v2\/pages"}],"about":[{"href":"https:\/\/nortecrescente.pt\/web\/wp-json\/wp\/v2\/types\/page"}],"author":[{"embeddable":true,"href":"https:\/\/nortecrescente.pt\/web\/wp-json\/wp\/v2\/users\/1"}],"replies":[{"embeddable":true,"href":"https:\/\/nortecrescente.pt\/web\/wp-json\/wp\/v2\/comments?post=3635"}],"version-history":[{"count":3,"href":"https:\/\/nortecrescente.pt\/web\/wp-json\/wp\/v2\/pages\/3635\/revisions"}],"predecessor-version":[{"id":3739,"href":"https:\/\/nortecrescente.pt\/web\/wp-json\/wp\/v2\/pages\/3635\/revisions\/3739"}],"wp:attachment":[{"href":"https:\/\/nortecrescente.pt\/web\/wp-json\/wp\/v2\/media?parent=3635"}],"curies":[{"name":"wp","href":"https:\/\/api.w.org\/{rel}","templated":true}]}}