	{"id":3673,"date":"2023-01-31T11:19:13","date_gmt":"2023-01-31T12:19:13","guid":{"rendered":"https:\/\/nortecrescente.pt\/web\/?page_id=3673"},"modified":"2023-01-31T11:29:53","modified_gmt":"2023-01-31T12:29:53","slug":"fruttmac","status":"publish","type":"page","link":"https:\/\/nortecrescente.pt\/web\/fruttmac","title":{"rendered":"FRUTTMAC"},"content":{"rendered":"\n<p>O Projeto <strong>FRUTTMAC<\/strong> &#8211; &#8220;Transfer\u00eancia de I+D+i para el desarrollo sostenible de frutales tropicales en la Macaronesia\u201d, visa melhorar as bases para um desenvolvimento sustent\u00e1vel das explora\u00e7\u00f5es de frutos tropicais na Macaron\u00e9sia, favorecendo uma melhor resili\u00eancia face a cen\u00e1rios, nomeadamente como as altera\u00e7\u00f5es clim\u00e1ticas. Apresenta como principais objetivos promover a acessibilidade e o uso eficaz dos recursos fitogen\u00e9ticos, o est\u00edmulo da ado\u00e7\u00e3o e implementa\u00e7\u00e3o de uma gest\u00e3o sustent\u00e1vel nas explora\u00e7\u00f5es agr\u00edcolas e a diversifica\u00e7\u00e3o da oferta ao n\u00edvel dos frutos tropicais, quer para o mercado interno quer para o externo.<\/p>\n\n\n\n<p>O Projeto \u00e9 liderado pelo Instituto Canario de Investigaciones Agrarias (ICIA), enquanto benefici\u00e1rio principal e um conjunto de 18 parceiros das regi\u00f5es das Can\u00e1rias, Madeira, A\u00e7ores (Terceira e S. Miguel) e Cabo Verde, totalizando um investimento total da ordem dos 2 milh\u00f5es de euros.<\/p>\n\n\n\n<p>A Norte Crescente \u2013 ADL \u00e9 um dos benefici\u00e1rios do projeto contribuindo para a implementa\u00e7\u00e3o de v\u00e1rias tarefas no \u00e2mbito do projeto e tem a seu cargo um montante de investimento na ordem dos 122.028,43 euros.<\/p>\n\n\n\n<p>Para mais informa\u00e7\u00f5es consultar: <a href=\"https:\/\/fruttmac.com\/\" data-type=\"URL\" data-id=\"https:\/\/fruttmac.com\/\" target=\"_blank\" rel=\"noreferrer noopener\">www.fruttmac.com<\/a><\/p>\n\n\n\n<p><\/p>\n\n\n\n<div class=\"wp-container-4 wp-block-columns\">\n<div class=\"wp-container-3 wp-block-column\" style=\"flex-basis:100%\">\n<figure class=\"wp-container-2 wp-block-gallery-1 wp-block-gallery has-nested-images columns-default\">\n<figure class=\"wp-block-image size-large\"><a href=\"https:\/\/nortecrescente.pt\/web\/wp-content\/uploads\/2023\/01\/FRUTTMAC-rasterizada-2-2.png\"><img loading=\"lazy\" width=\"1024\" height=\"313\" src=\"https:\/\/nortecrescente.pt\/web\/wp-content\/uploads\/2023\/01\/FRUTTMAC-rasterizada-2-2-1024x313.png\" alt=\"\" class=\"wp-image-3678\" srcset=\"https:\/\/nortecrescente.pt\/web\/wp-content\/uploads\/2023\/01\/FRUTTMAC-rasterizada-2-2-1024x313.png 1024w, https:\/\/nortecrescente.pt\/web\/wp-content\/uploads\/2023\/01\/FRUTTMAC-rasterizada-2-2-300x92.png 300w, https:\/\/nortecrescente.pt\/web\/wp-content\/uploads\/2023\/01\/FRUTTMAC-rasterizada-2-2-768x234.png 768w, https:\/\/nortecrescente.pt\/web\/wp-content\/uploads\/2023\/01\/FRUTTMAC-rasterizada-2-2-1536x469.png 1536w, https:\/\/nortecrescente.pt\/web\/wp-content\/uploads\/2023\/01\/FRUTTMAC-rasterizada-2-2-2048x625.png 2048w\" sizes=\"(max-width: 1024px) 100vw, 1024px\" \/><\/a><\/figure>\n\n\n\n<figure class=\"wp-block-image size-full\"><a href=\"https:\/\/nortecrescente.pt\/web\/wp-content\/uploads\/2023\/01\/logos-proyecto-3.png\"><img loading=\"lazy\" width=\"432\" height=\"61\" src=\"https:\/\/nortecrescente.pt\/web\/wp-content\/uploads\/2023\/01\/logos-proyecto-3.png\" alt=\"\" class=\"wp-image-3681\" srcset=\"https:\/\/nortecrescente.pt\/web\/wp-content\/uploads\/2023\/01\/logos-proyecto-3.png 432w, https:\/\/nortecrescente.pt\/web\/wp-content\/uploads\/2023\/01\/logos-proyecto-3-300x42.png 300w\" sizes=\"(max-width: 432px) 100vw, 432px\" \/><\/a><\/figure>\n<\/figure>\n<\/div>\n<\/div>\n\n\n\n<p style=\"font-size:9px\">introduzido em 15 janeiro 2020         atualizado em 31 janeiro 2023<\/p>\n","protected":false},"excerpt":{"rendered":"<p>O Projeto FRUTTMAC &#8211; &#8220;Transfer\u00eancia de I+D+i para el desarrollo sostenible de frutales tropicales en la Macaronesia\u201d, visa melhorar as bases para um desenvolvimento sustent\u00e1vel das explora\u00e7\u00f5es de frutos tropicais &#8230;<\/p>\n","protected":false},"author":1,"featured_media":0,"parent":0,"menu_order":0,"comment_status":"closed","ping_status":"closed","template":"","meta":{"ngg_post_thumbnail":0},"featured_image_urls":{"full":"","thumbnail":"","medium":"","medium_large":"","large":"","1536x1536":"","2048x2048":"","onepress-blog-small":"","onepress-small":"","onepress-medium":""},"post_excerpt_stackable":"<p>O Projeto FRUTTMAC &#8211; &#8220;Transfer\u00eancia de I+D+i para el desarrollo sostenible de frutales tropicales en la Macaronesia\u201d, visa melhorar as bases para um desenvolvimento sustent\u00e1vel das explora\u00e7\u00f5es de frutos tropicais na Macaron\u00e9sia, favorecendo uma melhor resili\u00eancia face a cen\u00e1rios, nomeadamente como as altera\u00e7\u00f5es clim\u00e1ticas. Apresenta como principais objetivos promover a acessibilidade e o uso eficaz dos recursos fitogen\u00e9ticos, o est\u00edmulo da ado\u00e7\u00e3o e implementa\u00e7\u00e3o de uma gest\u00e3o sustent\u00e1vel nas explora\u00e7\u00f5es agr\u00edcolas e a diversifica\u00e7\u00e3o da oferta ao n\u00edvel dos frutos tropicais, quer para o mercado interno quer para o externo. O Projeto \u00e9 liderado pelo Instituto Canario de Investigaciones Agrarias&hellip;<\/p>\n","category_list":"","author_info":{"name":"Norte Crescente","url":"https:\/\/nortecrescente.pt\/web\/author\/adminnc2033"},"comments_num":"0 comments","featured_image_urls_v2":{"full":"","thumbnail":"","medium":"","medium_large":"","large":"","1536x1536":"","2048x2048":"","onepress-blog-small":"","onepress-small":"","onepress-medium":""},"post_excerpt_stackable_v2":"<p>O Projeto FRUTTMAC &#8211; &#8220;Transfer\u00eancia de I+D+i para el desarrollo sostenible de frutales tropicales en la Macaronesia\u201d, visa melhorar as bases para um desenvolvimento sustent\u00e1vel das explora\u00e7\u00f5es de frutos tropicais na Macaron\u00e9sia, favorecendo uma melhor resili\u00eancia face a cen\u00e1rios, nomeadamente como as altera\u00e7\u00f5es clim\u00e1ticas. Apresenta como principais objetivos promover a acessibilidade e o uso eficaz dos recursos fitogen\u00e9ticos, o est\u00edmulo da ado\u00e7\u00e3o e implementa\u00e7\u00e3o de uma gest\u00e3o sustent\u00e1vel nas explora\u00e7\u00f5es agr\u00edcolas e a diversifica\u00e7\u00e3o da oferta ao n\u00edvel dos frutos tropicais, quer para o mercado interno quer para o externo. O Projeto \u00e9 liderado pelo Instituto Canario de Investigaciones Agrarias&hellip;<\/p>\n","category_list_v2":"","author_info_v2":{"name":"Norte Crescente","url":"https:\/\/nortecrescente.pt\/web\/author\/adminnc2033"},"comments_num_v2":"0 comments","_links":{"self":[{"href":"https:\/\/nortecrescente.pt\/web\/wp-json\/wp\/v2\/pages\/3673"}],"collection":[{"href":"https:\/\/nortecrescente.pt\/web\/wp-json\/wp\/v2\/pages"}],"about":[{"href":"https:\/\/nortecrescente.pt\/web\/wp-json\/wp\/v2\/types\/page"}],"author":[{"embeddable":true,"href":"https:\/\/nortecrescente.pt\/web\/wp-json\/wp\/v2\/users\/1"}],"replies":[{"embeddable":true,"href":"https:\/\/nortecrescente.pt\/web\/wp-json\/wp\/v2\/comments?post=3673"}],"version-history":[{"count":7,"href":"https:\/\/nortecrescente.pt\/web\/wp-json\/wp\/v2\/pages\/3673\/revisions"}],"predecessor-version":[{"id":3693,"href":"https:\/\/nortecrescente.pt\/web\/wp-json\/wp\/v2\/pages\/3673\/revisions\/3693"}],"wp:attachment":[{"href":"https:\/\/nortecrescente.pt\/web\/wp-json\/wp\/v2\/media?parent=3673"}],"curies":[{"name":"wp","href":"https:\/\/api.w.org\/{rel}","templated":true}]}}