	{"id":3694,"date":"2023-01-31T11:36:31","date_gmt":"2023-01-31T12:36:31","guid":{"rendered":"https:\/\/nortecrescente.pt\/web\/?page_id=3694"},"modified":"2023-01-31T11:39:52","modified_gmt":"2023-01-31T12:39:52","slug":"como-apoiar-a-norte-crescente","status":"publish","type":"page","link":"https:\/\/nortecrescente.pt\/web\/como-apoiar-a-norte-crescente","title":{"rendered":"Como apoiar a Norte Crescente"},"content":{"rendered":"\n<p><\/p>\n\n\n\n<ul><li><strong>Fazendo-se s\u00f3cio<\/strong> apoiando ativamente a interven\u00e7\u00e3o social;<\/li><li>Estabelecendo <strong>parcerias<\/strong> com benef\u00edcios para os s\u00f3cios e benefici\u00e1rios;<\/li><li><strong>Apoiando ou patrocinando<\/strong> as iniciativas, atividades e projetos;<\/li><li>Fa\u00e7a um <strong>donativo<\/strong> ao abrigo da Lei de Mecenato;<\/li><li>Seja <strong>Volunt\u00e1rio<\/strong> e participe nas iniciativas socias;<\/li><li><strong>Consigna\u00e7\u00e3o<\/strong> de parte do <strong>IRS<\/strong> (coloque o NIF da Norte Crescente 512078424)<\/li><li><strong>Comprar produtos e servi\u00e7os<\/strong> dos nossos benefici\u00e1rios e parceiros<\/li><\/ul>\n\n\n\n<p><\/p>\n\n\n\n<p>para mais informa\u00e7\u00f5es pode consultar-nos<\/p>\n\n\n\n<p style=\"font-size:9px\">inserido em 2 de janeiro de 2023<\/p>\n","protected":false},"excerpt":{"rendered":"<p>Fazendo-se s\u00f3cio apoiando ativamente a interven\u00e7\u00e3o social; Estabelecendo parcerias com benef\u00edcios para os s\u00f3cios e benefici\u00e1rios; Apoiando ou patrocinando as iniciativas, atividades e projetos; Fa\u00e7a um donativo ao abrigo da &#8230;<\/p>\n","protected":false},"author":1,"featured_media":0,"parent":0,"menu_order":0,"comment_status":"closed","ping_status":"closed","template":"","meta":{"ngg_post_thumbnail":0},"featured_image_urls":{"full":"","thumbnail":"","medium":"","medium_large":"","large":"","1536x1536":"","2048x2048":"","onepress-blog-small":"","onepress-small":"","onepress-medium":""},"post_excerpt_stackable":"<p>Fazendo-se s\u00f3cio apoiando ativamente a interven\u00e7\u00e3o social;Estabelecendo parcerias com benef\u00edcios para os s\u00f3cios e benefici\u00e1rios;Apoiando ou patrocinando as iniciativas, atividades e projetos;Fa\u00e7a um donativo ao abrigo da Lei de Mecenato;Seja Volunt\u00e1rio e participe nas iniciativas socias;Consigna\u00e7\u00e3o de parte do IRS (coloque o NIF da Norte Crescente 512078424)Comprar produtos e servi\u00e7os dos nossos benefici\u00e1rios e parceiros para mais informa\u00e7\u00f5es pode consultar-nos inserido em 2 de janeiro de 2023<\/p>\n","category_list":"","author_info":{"name":"Norte Crescente","url":"https:\/\/nortecrescente.pt\/web\/author\/adminnc2033"},"comments_num":"0 comments","featured_image_urls_v2":{"full":"","thumbnail":"","medium":"","medium_large":"","large":"","1536x1536":"","2048x2048":"","onepress-blog-small":"","onepress-small":"","onepress-medium":""},"post_excerpt_stackable_v2":"<p>Fazendo-se s\u00f3cio apoiando ativamente a interven\u00e7\u00e3o social;Estabelecendo parcerias com benef\u00edcios para os s\u00f3cios e benefici\u00e1rios;Apoiando ou patrocinando as iniciativas, atividades e projetos;Fa\u00e7a um donativo ao abrigo da Lei de Mecenato;Seja Volunt\u00e1rio e participe nas iniciativas socias;Consigna\u00e7\u00e3o de parte do IRS (coloque o NIF da Norte Crescente 512078424)Comprar produtos e servi\u00e7os dos nossos benefici\u00e1rios e parceiros para mais informa\u00e7\u00f5es pode consultar-nos inserido em 2 de janeiro de 2023<\/p>\n","category_list_v2":"","author_info_v2":{"name":"Norte Crescente","url":"https:\/\/nortecrescente.pt\/web\/author\/adminnc2033"},"comments_num_v2":"0 comments","_links":{"self":[{"href":"https:\/\/nortecrescente.pt\/web\/wp-json\/wp\/v2\/pages\/3694"}],"collection":[{"href":"https:\/\/nortecrescente.pt\/web\/wp-json\/wp\/v2\/pages"}],"about":[{"href":"https:\/\/nortecrescente.pt\/web\/wp-json\/wp\/v2\/types\/page"}],"author":[{"embeddable":true,"href":"https:\/\/nortecrescente.pt\/web\/wp-json\/wp\/v2\/users\/1"}],"replies":[{"embeddable":true,"href":"https:\/\/nortecrescente.pt\/web\/wp-json\/wp\/v2\/comments?post=3694"}],"version-history":[{"count":3,"href":"https:\/\/nortecrescente.pt\/web\/wp-json\/wp\/v2\/pages\/3694\/revisions"}],"predecessor-version":[{"id":3698,"href":"https:\/\/nortecrescente.pt\/web\/wp-json\/wp\/v2\/pages\/3694\/revisions\/3698"}],"wp:attachment":[{"href":"https:\/\/nortecrescente.pt\/web\/wp-json\/wp\/v2\/media?parent=3694"}],"curies":[{"name":"wp","href":"https:\/\/api.w.org\/{rel}","templated":true}]}}