	{"id":3727,"date":"2023-10-05T22:37:50","date_gmt":"2023-10-05T23:37:50","guid":{"rendered":"https:\/\/nortecrescente.pt\/web\/?page_id=3727"},"modified":"2023-10-05T22:55:40","modified_gmt":"2023-10-05T23:55:40","slug":"poapmc-2023","status":"publish","type":"page","link":"https:\/\/nortecrescente.pt\/web\/em-desenvolvimento\/poapmc-2023","title":{"rendered":"Programa Operacional de Apoio \u00e0s Pessoas Mais Carenciadas (POAPMC) &#8211; 2023"},"content":{"rendered":"\n<p>O Programa Operacional de Apoio \u00e0s Pessoas Mais Carenciadas (POAPMC) \u00e9 um programa que visa operacionalizar o&nbsp;<a rel=\"noreferrer noopener\" href=\"https:\/\/ec.europa.eu\/social\/main.jsp?langId=pt&amp;catId=1089\" target=\"_blank\">Fundo de Aux\u00edlio Europeu \u00e0s Pessoas Mais Carenciadas (FEAC)<\/a>&nbsp;e consiste na distribui\u00e7\u00e3o mensal de g\u00e9neros alimentares e ou bens de primeira necessidade.<\/p>\n\n\n\n<p>Paralelamente s\u00e3o tamb\u00e9m desenvolvidas a\u00e7\u00f5es de acompanhamento direcionadas \u00e0s pessoas apoiadas, com o objetivo de as capacitar para a correta sele\u00e7\u00e3o dos g\u00e9neros alimentares e\/ou bens de primeira necessidade, para a preven\u00e7\u00e3o do desperd\u00edcio e a otimiza\u00e7\u00e3o da gest\u00e3o do or\u00e7amento familiar.<\/p>\n\n\n\n<p>O objetivo geral da candidatura submetida em 2022 (a primeira em que a ilha foi dividida em dois territ\u00f3rios, e em que o BACF-SM ficou respons\u00e1vel pelos concelhos de Ponta Delgada, Lagoa e Vila Franca) \u00e9 efetuar a distribui\u00e7\u00e3o de cabazes, em parceria com nove entidades, e com a ajuda de dezenas de volunt\u00e1rios, durante um per\u00edodo de 6 meses (de julho a dezembro de 2023), garantindo as melhores condi\u00e7\u00f5es higieno-sanit\u00e1rias e a rapidez na entrega dos bens alimentares.<\/p>\n\n\n\n<p>&nbsp;Candidatura: POAPMC-01-74F2-FEAC-000172<\/p>\n\n\n\n<p>Concurso: POAPMC-F2-2022-03<\/p>\n\n\n\n<p>Tipologia da Opera\u00e7\u00e3o: TO 1.2.2 Distribui\u00e7\u00e3o de G\u00e9neros Alimentares e\/ou de Bens de Primeira Necessidade &#8211; A\u00e7ores<\/p>\n\n\n\n<p>Organismo interm\u00e9dio: Instituto da Seguran\u00e7a Social dos A\u00e7ores, I.P.R.A.<\/p>\n\n\n\n<p>Territ\u00f3rio: S\u00e3o Miguel Sul<\/p>\n\n\n\n<p>N\u00famero Total de Destinat\u00e1rios: 2628<\/p>\n\n\n\n<p>Entidade Coordenadora\/P\u00f3lo de Rece\u00e7\u00e3o: BANCO ALIMENTAR CONTRA A FOME \u2013 S\u00c3O MIGUEL<\/p>\n\n\n\n<p>Entidades Mediadoras:<\/p>\n\n\n\n<p>&#8211; ASSOCIA\u00c7\u00c3O DE JUVENTUDE DE CANDELARIA (130 Destinat\u00e1rios, Freguesias: Candel\u00e1ria, Feteiras, Ginetes, Mosteiros, Sete Cidades)<\/p>\n\n\n\n<p>&#8211; CASA DO POVO DE ARRIFES (236 Destinat\u00e1rios, Freguesia: Arrifes)<\/p>\n\n\n\n<p>&#8211; CENTRO DE BEM ESTAR SOCIAL DA FREGUESIA DO LIVRAMENTO (191 Destinat\u00e1rios, Freguesia: Livramento)<\/p>\n\n\n\n<p>&#8211; CENTRO PAROQUIAL DE BEM ESTAR SOCIAL DE S. JOS\u00c9 (684 Destinat\u00e1rios: Freguesias: Covoada, Relva, Santa Clara, S. Jos\u00e9, S. Pedro, S. Sebasti\u00e3o)<\/p>\n\n\n\n<p>&#8211; CENTRO PAROQUIAL DE NOSSA SENHORA DA OLIVEIRA (277 Destinat\u00e1rios, Freguesias: Faj\u00e3 de Baio, Faj\u00e3 de Cima)<\/p>\n\n\n\n<p>&#8211; CENTRO SOCIAL PAROQUIAL DE S\u00c3O ROQUE (216 Destinat\u00e1rios, Freguesia: S. Roque)<\/p>\n\n\n\n<p>&#8211; NORTE CRESCENTE &#8211; ASSOCIA\u00c7\u00c3O DE DESENVOLVIMENTO LOCAL DE SANTO ANT\u00d3NIO (350 Destinat\u00e1rios, Freguesias: Ajuda, Capelas, Fenais da Luz, Pilar, Rem\u00e9dios, Santa B\u00e1rbara, Santo Ant\u00f3nio, S. Vicente Ferreira)<\/p>\n\n\n\n<p>&#8211; SANTA CASA DA MISERIC\u00d3RDIA DE SANTO ANT\u00d3NIO DA LAGOA \u2013 A\u00c7ORES (316 Destinat\u00e1rios, Freguesias: \u00c1gua de Pau, Cabouco, Ribeira Ch\u00e3, Ros\u00e1rio, Santa Cruz)<\/p>\n\n\n\n<p>&#8211; SANTA CASA DA MISERICORDIA DE VILA FRANCA DO CAMPO (228 Destinat\u00e1rios, \u00c1gua d\u2019Alto, Ribeira Ch\u00e3, Ribeira Seca, S. Pedro, S. Miguel)<\/p>\n\n\n\n<p>&nbsp;Produtos a distribuir no \u00e2mbito da opera\u00e7\u00e3o:<\/p>\n\n\n\n<ol><li>Arroz<\/li><li>Azeite<\/li><li>Bolacha \u00e1gua e sal<\/li><li>Bolacha Maria<\/li><li>Cereal pequeno-almo\u00e7o<\/li><li>Ervilhas enlatadas<\/li><li>Farinha l\u00e1ctea<\/li><li>Feij\u00e3o enlatado<\/li><li>Frango<\/li><li>Gr\u00e3o-de-bico enlatado<\/li><li>Leite UHT<\/li><li>Manteiga<\/li><li>Marmelada<\/li><li>Massa esparguete<\/li><li>Massa espiral<\/li><li>Queijo<\/li><li>Salsichas<\/li><li>Tomate enlatado<\/li><\/ol>\n\n\n\n<figure class=\"wp-block-image size-large\"><a href=\"https:\/\/nortecrescente.pt\/web\/wp-content\/uploads\/2023\/10\/BARRA-APMC_UE.jpg\"><img loading=\"lazy\" width=\"1024\" height=\"191\" src=\"https:\/\/nortecrescente.pt\/web\/wp-content\/uploads\/2023\/10\/BARRA-APMC_UE-1024x191.jpg\" alt=\"\" class=\"wp-image-3728\" srcset=\"https:\/\/nortecrescente.pt\/web\/wp-content\/uploads\/2023\/10\/BARRA-APMC_UE-1024x191.jpg 1024w, https:\/\/nortecrescente.pt\/web\/wp-content\/uploads\/2023\/10\/BARRA-APMC_UE-300x56.jpg 300w, https:\/\/nortecrescente.pt\/web\/wp-content\/uploads\/2023\/10\/BARRA-APMC_UE-768x143.jpg 768w, https:\/\/nortecrescente.pt\/web\/wp-content\/uploads\/2023\/10\/BARRA-APMC_UE-1536x287.jpg 1536w, https:\/\/nortecrescente.pt\/web\/wp-content\/uploads\/2023\/10\/BARRA-APMC_UE-2048x382.jpg 2048w\" sizes=\"(max-width: 1024px) 100vw, 1024px\" \/><\/a><\/figure>\n","protected":false},"excerpt":{"rendered":"<p>O Programa Operacional de Apoio \u00e0s Pessoas Mais Carenciadas (POAPMC) \u00e9 um programa que visa operacionalizar o&nbsp;Fundo de Aux\u00edlio Europeu \u00e0s Pessoas Mais Carenciadas (FEAC)&nbsp;e consiste na distribui\u00e7\u00e3o mensal de &#8230;<\/p>\n","protected":false},"author":1,"featured_media":0,"parent":3635,"menu_order":5,"comment_status":"closed","ping_status":"closed","template":"","meta":{"ngg_post_thumbnail":0},"featured_image_urls":{"full":"","thumbnail":"","medium":"","medium_large":"","large":"","1536x1536":"","2048x2048":"","onepress-blog-small":"","onepress-small":"","onepress-medium":""},"post_excerpt_stackable":"<p>O Programa Operacional de Apoio \u00e0s Pessoas Mais Carenciadas (POAPMC) \u00e9 um programa que visa operacionalizar o&nbsp;Fundo de Aux\u00edlio Europeu \u00e0s Pessoas Mais Carenciadas (FEAC)&nbsp;e consiste na distribui\u00e7\u00e3o mensal de g\u00e9neros alimentares e ou bens de primeira necessidade. Paralelamente s\u00e3o tamb\u00e9m desenvolvidas a\u00e7\u00f5es de acompanhamento direcionadas \u00e0s pessoas apoiadas, com o objetivo de as capacitar para a correta sele\u00e7\u00e3o dos g\u00e9neros alimentares e\/ou bens de primeira necessidade, para a preven\u00e7\u00e3o do desperd\u00edcio e a otimiza\u00e7\u00e3o da gest\u00e3o do or\u00e7amento familiar. O objetivo geral da candidatura submetida em 2022 (a primeira em que a ilha foi dividida em dois territ\u00f3rios, e&hellip;<\/p>\n","category_list":"","author_info":{"name":"Norte Crescente","url":"https:\/\/nortecrescente.pt\/web\/author\/adminnc2033"},"comments_num":"0 comments","featured_image_urls_v2":{"full":"","thumbnail":"","medium":"","medium_large":"","large":"","1536x1536":"","2048x2048":"","onepress-blog-small":"","onepress-small":"","onepress-medium":""},"post_excerpt_stackable_v2":"<p>O Programa Operacional de Apoio \u00e0s Pessoas Mais Carenciadas (POAPMC) \u00e9 um programa que visa operacionalizar o&nbsp;Fundo de Aux\u00edlio Europeu \u00e0s Pessoas Mais Carenciadas (FEAC)&nbsp;e consiste na distribui\u00e7\u00e3o mensal de g\u00e9neros alimentares e ou bens de primeira necessidade. Paralelamente s\u00e3o tamb\u00e9m desenvolvidas a\u00e7\u00f5es de acompanhamento direcionadas \u00e0s pessoas apoiadas, com o objetivo de as capacitar para a correta sele\u00e7\u00e3o dos g\u00e9neros alimentares e\/ou bens de primeira necessidade, para a preven\u00e7\u00e3o do desperd\u00edcio e a otimiza\u00e7\u00e3o da gest\u00e3o do or\u00e7amento familiar. O objetivo geral da candidatura submetida em 2022 (a primeira em que a ilha foi dividida em dois territ\u00f3rios, e&hellip;<\/p>\n","category_list_v2":"","author_info_v2":{"name":"Norte Crescente","url":"https:\/\/nortecrescente.pt\/web\/author\/adminnc2033"},"comments_num_v2":"0 comments","_links":{"self":[{"href":"https:\/\/nortecrescente.pt\/web\/wp-json\/wp\/v2\/pages\/3727"}],"collection":[{"href":"https:\/\/nortecrescente.pt\/web\/wp-json\/wp\/v2\/pages"}],"about":[{"href":"https:\/\/nortecrescente.pt\/web\/wp-json\/wp\/v2\/types\/page"}],"author":[{"embeddable":true,"href":"https:\/\/nortecrescente.pt\/web\/wp-json\/wp\/v2\/users\/1"}],"replies":[{"embeddable":true,"href":"https:\/\/nortecrescente.pt\/web\/wp-json\/wp\/v2\/comments?post=3727"}],"version-history":[{"count":2,"href":"https:\/\/nortecrescente.pt\/web\/wp-json\/wp\/v2\/pages\/3727\/revisions"}],"predecessor-version":[{"id":3734,"href":"https:\/\/nortecrescente.pt\/web\/wp-json\/wp\/v2\/pages\/3727\/revisions\/3734"}],"up":[{"embeddable":true,"href":"https:\/\/nortecrescente.pt\/web\/wp-json\/wp\/v2\/pages\/3635"}],"wp:attachment":[{"href":"https:\/\/nortecrescente.pt\/web\/wp-json\/wp\/v2\/media?parent=3727"}],"curies":[{"name":"wp","href":"https:\/\/api.w.org\/{rel}","templated":true}]}}