	{"id":3730,"date":"2023-10-05T22:45:34","date_gmt":"2023-10-05T23:45:34","guid":{"rendered":"https:\/\/nortecrescente.pt\/web\/?page_id=3730"},"modified":"2023-10-05T22:53:54","modified_gmt":"2023-10-05T23:53:54","slug":"poapmc-2019-2021","status":"publish","type":"page","link":"https:\/\/nortecrescente.pt\/web\/em-desenvolvimento\/poapmc-2019-2021","title":{"rendered":"Programa Operacional de Apoio \u00e0s Pessoas Mais Carenciadas (POAPMC) &#8211; 2019-2021"},"content":{"rendered":"\n<p>O Programa Operacional de Apoio \u00e0s Pessoas Mais Carenciadas (POAPMC) \u00e9 um programa que visa operacionalizar o&nbsp;<a rel=\"noreferrer noopener\" href=\"https:\/\/ec.europa.eu\/social\/main.jsp?langId=pt&amp;catId=1089\" target=\"_blank\">Fundo de Aux\u00edlio Europeu \u00e0s Pessoas Mais Carenciadas (FEAC)<\/a>&nbsp;e consiste na distribui\u00e7\u00e3o mensal de g\u00e9neros alimentares e ou bens de primeira necessidade.<\/p>\n\n\n\n<p>Paralelamente s\u00e3o tamb\u00e9m desenvolvidas a\u00e7\u00f5es de acompanhamento direcionadas \u00e0s pessoas apoiadas, com o objetivo de as capacitar para a correta sele\u00e7\u00e3o dos g\u00e9neros alimentares e\/ou bens de primeira necessidade, para a preven\u00e7\u00e3o do desperd\u00edcio e a otimiza\u00e7\u00e3o da gest\u00e3o do or\u00e7amento familiar.<\/p>\n\n\n\n<p>O objetivo geral da candidatura \u00e9 efetuar a distribui\u00e7\u00e3o de cabazes, no \u00e2mbito do Programa Operacional de Apoio a Pessoas Mais Carenciadas, em parceria com nove entidades, durante um per\u00edodo de 24 meses, garantindo as melhores condi\u00e7\u00f5es higieno-sanit\u00e1rias e a rapidez na entrega dos bens alimentares.<\/p>\n\n\n\n<p>Para al\u00e9m da distribui\u00e7\u00e3o de alimentos, tamb\u00e9m realiza a\u00e7\u00f5es de acompanhamento previstas, incindindo em tr\u00eas \u00e1reas: preven\u00e7\u00e3o do desperd\u00edcio, sele\u00e7\u00e3o de g\u00e9neros alimentares e otimiza\u00e7\u00e3o da gest\u00e3o do or\u00e7amento familiar.<\/p>\n\n\n\n<p>&nbsp;Candidatura: POAPMC-01-74F2-FEAC-000159<\/p>\n\n\n\n<p>Tipologia da Opera\u00e7\u00e3o: TO 1.2.2 Distribui\u00e7\u00e3o de G\u00e9neros Alimentares e\/ou de Bens de Primeira Necessidade &#8211; A\u00e7ores<\/p>\n\n\n\n<p>Organismo interm\u00e9dio: Instituto da Seguran\u00e7a Social dos A\u00e7ores, I.P.R.A.<\/p>\n\n\n\n<p>Territ\u00f3rio: S\u00e3o Miguel<\/p>\n\n\n\n<p>&nbsp;Produtos a distribuir no \u00e2mbito da opera\u00e7\u00e3o:<\/p>\n\n\n\n<ol><li>Arroz<\/li><li>Azeite<\/li><li>Bolacha Maria<\/li><li>Cereal pequeno-almo\u00e7o<\/li><li>Farinha l\u00e1ctea<\/li><li>Feij\u00e3o enlatado<\/li><li>Frango<\/li><li>Gr\u00e3o-de-bico enlatado<\/li><li>Leite UHT<\/li><li>Manteiga<\/li><li>Marmelada<\/li><li>Massa esparguete<\/li><li>Queijo<\/li><li>Salsichas<\/li><li>Atum<\/li><li>Sardinhas<\/li><\/ol>\n\n\n\n<figure class=\"wp-block-image size-large\"><a href=\"https:\/\/nortecrescente.pt\/web\/wp-content\/uploads\/2023\/10\/BARRA-APMC_UE-1.jpg\"><img loading=\"lazy\" width=\"1024\" height=\"191\" src=\"https:\/\/nortecrescente.pt\/web\/wp-content\/uploads\/2023\/10\/BARRA-APMC_UE-1-1024x191.jpg\" alt=\"\" class=\"wp-image-3732\" srcset=\"https:\/\/nortecrescente.pt\/web\/wp-content\/uploads\/2023\/10\/BARRA-APMC_UE-1-1024x191.jpg 1024w, https:\/\/nortecrescente.pt\/web\/wp-content\/uploads\/2023\/10\/BARRA-APMC_UE-1-300x56.jpg 300w, https:\/\/nortecrescente.pt\/web\/wp-content\/uploads\/2023\/10\/BARRA-APMC_UE-1-768x143.jpg 768w, https:\/\/nortecrescente.pt\/web\/wp-content\/uploads\/2023\/10\/BARRA-APMC_UE-1-1536x287.jpg 1536w, https:\/\/nortecrescente.pt\/web\/wp-content\/uploads\/2023\/10\/BARRA-APMC_UE-1-2048x382.jpg 2048w\" sizes=\"(max-width: 1024px) 100vw, 1024px\" \/><\/a><\/figure>\n","protected":false},"excerpt":{"rendered":"<p>O Programa Operacional de Apoio \u00e0s Pessoas Mais Carenciadas (POAPMC) \u00e9 um programa que visa operacionalizar o&nbsp;Fundo de Aux\u00edlio Europeu \u00e0s Pessoas Mais Carenciadas (FEAC)&nbsp;e consiste na distribui\u00e7\u00e3o mensal de &#8230;<\/p>\n","protected":false},"author":1,"featured_media":0,"parent":3635,"menu_order":0,"comment_status":"closed","ping_status":"closed","template":"","meta":{"ngg_post_thumbnail":0},"featured_image_urls":{"full":"","thumbnail":"","medium":"","medium_large":"","large":"","1536x1536":"","2048x2048":"","onepress-blog-small":"","onepress-small":"","onepress-medium":""},"post_excerpt_stackable":"<p>O Programa Operacional de Apoio \u00e0s Pessoas Mais Carenciadas (POAPMC) \u00e9 um programa que visa operacionalizar o&nbsp;Fundo de Aux\u00edlio Europeu \u00e0s Pessoas Mais Carenciadas (FEAC)&nbsp;e consiste na distribui\u00e7\u00e3o mensal de g\u00e9neros alimentares e ou bens de primeira necessidade. Paralelamente s\u00e3o tamb\u00e9m desenvolvidas a\u00e7\u00f5es de acompanhamento direcionadas \u00e0s pessoas apoiadas, com o objetivo de as capacitar para a correta sele\u00e7\u00e3o dos g\u00e9neros alimentares e\/ou bens de primeira necessidade, para a preven\u00e7\u00e3o do desperd\u00edcio e a otimiza\u00e7\u00e3o da gest\u00e3o do or\u00e7amento familiar. O objetivo geral da candidatura \u00e9 efetuar a distribui\u00e7\u00e3o de cabazes, no \u00e2mbito do Programa Operacional de Apoio a Pessoas&hellip;<\/p>\n","category_list":"","author_info":{"name":"Norte Crescente","url":"https:\/\/nortecrescente.pt\/web\/author\/adminnc2033"},"comments_num":"0 comments","featured_image_urls_v2":{"full":"","thumbnail":"","medium":"","medium_large":"","large":"","1536x1536":"","2048x2048":"","onepress-blog-small":"","onepress-small":"","onepress-medium":""},"post_excerpt_stackable_v2":"<p>O Programa Operacional de Apoio \u00e0s Pessoas Mais Carenciadas (POAPMC) \u00e9 um programa que visa operacionalizar o&nbsp;Fundo de Aux\u00edlio Europeu \u00e0s Pessoas Mais Carenciadas (FEAC)&nbsp;e consiste na distribui\u00e7\u00e3o mensal de g\u00e9neros alimentares e ou bens de primeira necessidade. Paralelamente s\u00e3o tamb\u00e9m desenvolvidas a\u00e7\u00f5es de acompanhamento direcionadas \u00e0s pessoas apoiadas, com o objetivo de as capacitar para a correta sele\u00e7\u00e3o dos g\u00e9neros alimentares e\/ou bens de primeira necessidade, para a preven\u00e7\u00e3o do desperd\u00edcio e a otimiza\u00e7\u00e3o da gest\u00e3o do or\u00e7amento familiar. O objetivo geral da candidatura \u00e9 efetuar a distribui\u00e7\u00e3o de cabazes, no \u00e2mbito do Programa Operacional de Apoio a Pessoas&hellip;<\/p>\n","category_list_v2":"","author_info_v2":{"name":"Norte Crescente","url":"https:\/\/nortecrescente.pt\/web\/author\/adminnc2033"},"comments_num_v2":"0 comments","_links":{"self":[{"href":"https:\/\/nortecrescente.pt\/web\/wp-json\/wp\/v2\/pages\/3730"}],"collection":[{"href":"https:\/\/nortecrescente.pt\/web\/wp-json\/wp\/v2\/pages"}],"about":[{"href":"https:\/\/nortecrescente.pt\/web\/wp-json\/wp\/v2\/types\/page"}],"author":[{"embeddable":true,"href":"https:\/\/nortecrescente.pt\/web\/wp-json\/wp\/v2\/users\/1"}],"replies":[{"embeddable":true,"href":"https:\/\/nortecrescente.pt\/web\/wp-json\/wp\/v2\/comments?post=3730"}],"version-history":[{"count":3,"href":"https:\/\/nortecrescente.pt\/web\/wp-json\/wp\/v2\/pages\/3730\/revisions"}],"predecessor-version":[{"id":3736,"href":"https:\/\/nortecrescente.pt\/web\/wp-json\/wp\/v2\/pages\/3730\/revisions\/3736"}],"up":[{"embeddable":true,"href":"https:\/\/nortecrescente.pt\/web\/wp-json\/wp\/v2\/pages\/3635"}],"wp:attachment":[{"href":"https:\/\/nortecrescente.pt\/web\/wp-json\/wp\/v2\/media?parent=3730"}],"curies":[{"name":"wp","href":"https:\/\/api.w.org\/{rel}","templated":true}]}}