	{"id":3773,"date":"2024-02-09T00:59:54","date_gmt":"2024-02-09T01:59:54","guid":{"rendered":"https:\/\/nortecrescente.pt\/web\/?page_id=3773"},"modified":"2024-02-09T00:59:55","modified_gmt":"2024-02-09T01:59:55","slug":"promocao-ambiental-orientado-para-pessoas-desfavorecidas","status":"publish","type":"page","link":"https:\/\/nortecrescente.pt\/web\/promocao-ambiental-orientado-para-pessoas-desfavorecidas","title":{"rendered":"Promo\u00e7\u00e3o Ambiental &#8211; orientado para pessoas desfavorecidas"},"content":{"rendered":"\n<p><strong>C\u00f3digo da Opera\u00e7\u00e3o: <\/strong>PRORURAL+-7.6.1-FEADER-003146<br><strong>Programa:<\/strong> PRORURAL +<br><strong>Medida: <\/strong>Apoio ao desenvolvimento local de base comunit\u00e1ria (DLBC) Leader<br><strong>Submedida\/A\u00e7\u00e3o:<\/strong> Apoio \u00e0 realiza\u00e7\u00e3o de opera\u00e7\u00f5es no \u00e2mbito da estrat\u00e9gia de desenvolvimento promovido pelas comunidades locais<br><strong>Interven\u00e7\u00e3o:<\/strong> Investimentos associados ao patrim\u00f3nio cultural e natural e a\u00e7\u00f5es de sensibiliza\u00e7\u00e3o ambiental<br><strong>Investimento Total:<\/strong> 38.327,89<br><strong>Incentivo:<\/strong> 24.051,22<\/p>\n\n\n\n<p>O presente projeto visa estimular o desenvolvimento sustent\u00e1vel do territ\u00f3rio e aumentar a sensibilidade dos residentes e visitantes do territ\u00f3rio para as problem\u00e1ticas ambientais, aproveitando o patrim\u00f3nio natural existente. A interven\u00e7\u00e3o do projeto verifica-se a dois n\u00edveis:<\/p>\n\n\n\n<p>&#8211; Popula\u00e7\u00e3o residente e empresas instaladas atrav\u00e9s da dinamiza\u00e7\u00e3o de um conjunto a\u00e7\u00f5es de valoriza\u00e7\u00e3o dos espa\u00e7os p\u00fablicos (4) e de a\u00e7\u00f5es de forma\u00e7\u00e3o e sensibiliza\u00e7\u00e3o de educa\u00e7\u00e3o ambiental, este projeto tem uma particular incid\u00eancia nas pessoas mais desfavorecidas;<\/p>\n\n\n\n<p>&#8211; Visitantes e turistas atrav\u00e9s da cria\u00e7\u00e3o de um roteiro de valoriza\u00e7\u00e3o e requalifica\u00e7\u00e3o do patrim\u00f3nio natural e cultural da \u00e1rea de interven\u00e7\u00e3o da Norte Crescente.<\/p>\n\n\n\n<p><\/p>\n\n\n\n<figure class=\"wp-block-image size-full\"><a href=\"https:\/\/nortecrescente.pt\/web\/wp-content\/uploads\/2024\/02\/barra-de-financiamento-2.bmp\"><img loading=\"lazy\" width=\"1464\" height=\"160\" src=\"https:\/\/nortecrescente.pt\/web\/wp-content\/uploads\/2024\/02\/barra-de-financiamento-2.bmp\" alt=\"\" class=\"wp-image-3776\"\/><\/a><\/figure>\n\n\n\n<p><\/p>\n\n\n\n<p><\/p>\n","protected":false},"excerpt":{"rendered":"<p>C\u00f3digo da Opera\u00e7\u00e3o: PRORURAL+-7.6.1-FEADER-003146Programa: PRORURAL +Medida: Apoio ao desenvolvimento local de base comunit\u00e1ria (DLBC) LeaderSubmedida\/A\u00e7\u00e3o: Apoio \u00e0 realiza\u00e7\u00e3o de opera\u00e7\u00f5es no \u00e2mbito da estrat\u00e9gia de desenvolvimento promovido pelas comunidades locaisInterven\u00e7\u00e3o: &#8230;<\/p>\n","protected":false},"author":2,"featured_media":0,"parent":0,"menu_order":0,"comment_status":"closed","ping_status":"closed","template":"","meta":{"ngg_post_thumbnail":0},"featured_image_urls":{"full":"","thumbnail":"","medium":"","medium_large":"","large":"","1536x1536":"","2048x2048":"","onepress-blog-small":"","onepress-small":"","onepress-medium":""},"post_excerpt_stackable":"<p>C\u00f3digo da Opera\u00e7\u00e3o: PRORURAL+-7.6.1-FEADER-003146Programa: PRORURAL +Medida: Apoio ao desenvolvimento local de base comunit\u00e1ria (DLBC) LeaderSubmedida\/A\u00e7\u00e3o: Apoio \u00e0 realiza\u00e7\u00e3o de opera\u00e7\u00f5es no \u00e2mbito da estrat\u00e9gia de desenvolvimento promovido pelas comunidades locaisInterven\u00e7\u00e3o: Investimentos associados ao patrim\u00f3nio cultural e natural e a\u00e7\u00f5es de sensibiliza\u00e7\u00e3o ambientalInvestimento Total: 38.327,89Incentivo: 24.051,22 O presente projeto visa estimular o desenvolvimento sustent\u00e1vel do territ\u00f3rio e aumentar a sensibilidade dos residentes e visitantes do territ\u00f3rio para as problem\u00e1ticas ambientais, aproveitando o patrim\u00f3nio natural existente. A interven\u00e7\u00e3o do projeto verifica-se a dois n\u00edveis: &#8211; Popula\u00e7\u00e3o residente e empresas instaladas atrav\u00e9s da dinamiza\u00e7\u00e3o de um conjunto a\u00e7\u00f5es de valoriza\u00e7\u00e3o dos espa\u00e7os p\u00fablicos&hellip;<\/p>\n","category_list":"","author_info":{"name":"admin","url":"https:\/\/nortecrescente.pt\/web\/author\/admin"},"comments_num":"0 comments","featured_image_urls_v2":{"full":"","thumbnail":"","medium":"","medium_large":"","large":"","1536x1536":"","2048x2048":"","onepress-blog-small":"","onepress-small":"","onepress-medium":""},"post_excerpt_stackable_v2":"<p>C\u00f3digo da Opera\u00e7\u00e3o: PRORURAL+-7.6.1-FEADER-003146Programa: PRORURAL +Medida: Apoio ao desenvolvimento local de base comunit\u00e1ria (DLBC) LeaderSubmedida\/A\u00e7\u00e3o: Apoio \u00e0 realiza\u00e7\u00e3o de opera\u00e7\u00f5es no \u00e2mbito da estrat\u00e9gia de desenvolvimento promovido pelas comunidades locaisInterven\u00e7\u00e3o: Investimentos associados ao patrim\u00f3nio cultural e natural e a\u00e7\u00f5es de sensibiliza\u00e7\u00e3o ambientalInvestimento Total: 38.327,89Incentivo: 24.051,22 O presente projeto visa estimular o desenvolvimento sustent\u00e1vel do territ\u00f3rio e aumentar a sensibilidade dos residentes e visitantes do territ\u00f3rio para as problem\u00e1ticas ambientais, aproveitando o patrim\u00f3nio natural existente. A interven\u00e7\u00e3o do projeto verifica-se a dois n\u00edveis: &#8211; Popula\u00e7\u00e3o residente e empresas instaladas atrav\u00e9s da dinamiza\u00e7\u00e3o de um conjunto a\u00e7\u00f5es de valoriza\u00e7\u00e3o dos espa\u00e7os p\u00fablicos&hellip;<\/p>\n","category_list_v2":"","author_info_v2":{"name":"admin","url":"https:\/\/nortecrescente.pt\/web\/author\/admin"},"comments_num_v2":"0 comments","_links":{"self":[{"href":"https:\/\/nortecrescente.pt\/web\/wp-json\/wp\/v2\/pages\/3773"}],"collection":[{"href":"https:\/\/nortecrescente.pt\/web\/wp-json\/wp\/v2\/pages"}],"about":[{"href":"https:\/\/nortecrescente.pt\/web\/wp-json\/wp\/v2\/types\/page"}],"author":[{"embeddable":true,"href":"https:\/\/nortecrescente.pt\/web\/wp-json\/wp\/v2\/users\/2"}],"replies":[{"embeddable":true,"href":"https:\/\/nortecrescente.pt\/web\/wp-json\/wp\/v2\/comments?post=3773"}],"version-history":[{"count":3,"href":"https:\/\/nortecrescente.pt\/web\/wp-json\/wp\/v2\/pages\/3773\/revisions"}],"predecessor-version":[{"id":3777,"href":"https:\/\/nortecrescente.pt\/web\/wp-json\/wp\/v2\/pages\/3773\/revisions\/3777"}],"wp:attachment":[{"href":"https:\/\/nortecrescente.pt\/web\/wp-json\/wp\/v2\/media?parent=3773"}],"curies":[{"name":"wp","href":"https:\/\/api.w.org\/{rel}","templated":true}]}}