	{"id":3908,"date":"2025-07-01T13:49:38","date_gmt":"2025-07-01T14:49:38","guid":{"rendered":"https:\/\/nortecrescente.pt\/web\/?page_id=3908"},"modified":"2025-07-01T13:49:39","modified_gmt":"2025-07-01T14:49:39","slug":"projeto-de-qualificacao-das-respostas-sociais-da-norte-crescente","status":"publish","type":"page","link":"https:\/\/nortecrescente.pt\/web\/projeto-de-qualificacao-das-respostas-sociais-da-norte-crescente","title":{"rendered":"Projeto de Qualifica\u00e7\u00e3o das Respostas Sociais da Norte Crescente"},"content":{"rendered":"\n<p><strong>C\u00f3digo da Opera\u00e7\u00e3o:\u00a0<\/strong>PRORURAL+-7.4.1-FEADER-004033<br><strong>Programa:<\/strong>\u00a0PRORURAL +<br><strong>Medida:\u00a0<\/strong>Apoio ao desenvolvimento local de base comunit\u00e1ria (DLBC) Leader<br><strong>Submedida\/A\u00e7\u00e3o:<\/strong>\u00a0Apoio \u00e0 realiza\u00e7\u00e3o de opera\u00e7\u00f5es no \u00e2mbito da estrat\u00e9gia de desenvolvimento promovido pelas comunidades locais<br><strong>Interven\u00e7\u00e3o:<\/strong>\u00a0Investimento em servi\u00e7os b\u00e1sicos<br><strong>Investimento Total:<\/strong>\u00a046.615,96 euros<br><strong>Incentivo:<\/strong>\u00a04.341,60 euros<\/p>\n\n\n\n<p>O presente projeto visa valorizar e qualificar as instala\u00e7\u00f5es da Norte Crescente, de forma a melhorar a qualidade de vida e o bem-estar dos benefici\u00e1rios das respostas sociais da Norte Crescente. Deste modo, tenciona-se abranger os eixos priorit\u00e1rios, promovendo a inclus\u00e3o social, a redu\u00e7\u00e3o da pobreza e o desenvolvimento econ\u00f3mico das zonas rurais, bem como, fomentar o desenvolvimento local das zonas rurais.<\/p>\n\n\n\n<p>A valoriza\u00e7\u00e3o e qualifica\u00e7\u00e3o das instala\u00e7\u00f5es est\u00e1 diretamente relacionada como desenvolvimento do territ\u00f3rio onde se insere a Norte Crescente, pois ir\u00e1 permitir criar servi\u00e7os para a popula\u00e7\u00e3o local, propiciar novas oportunidades que objetivam assegurar a redu\u00e7\u00e3o da pobreza e inclus\u00e3o social. Este investimento ir\u00e1 permitir que todos os utilizadores possam ter acesso a locais com um ambiente mais inclusivo e saud\u00e1vel para todos, que de outro modo n\u00e3o estariam ao seu alcance. Pretende-se, ent\u00e3o, intervir nos edif\u00edcios da Quinta do Norte, mais precisamente, no Edif\u00edcio CDIJ-Novos Rumos e no ATL de Capelas, como tamb\u00e9m, no ATL da Ajuda da Bretanha.<\/p>\n\n\n\n<p>\u00c9 no Edif\u00edcio Principal que est\u00e1 instalado o CAFPE &#8211; Centro de Aconselhamento Familiar e Promo\u00e7\u00e3o da Empregabilidade. O seu trabalho tem-se consubstanciado na estrutura\u00e7\u00e3o de a\u00e7\u00f5es de participa\u00e7\u00e3o comunit\u00e1ria, com o objetivo de criar uma rede de solidariedade e construir uma cidadania ativa, consciente e conducente, a uma participa\u00e7\u00e3o din\u00e2mica na procura de solu\u00e7\u00f5es e respostas conjuntas para os problemas e necessidades das popula\u00e7\u00f5es locais. At\u00e9 \u00e0 data o CAFPE apoia e acompanha cerca de 350 fam\u00edlias, o que resulta em 1200 pessoas abrangidas.<\/p>\n\n\n\n<p>Paralelamente, \u00e9 na F\u00e1brica das Arte que est\u00e1 implementada a Loja Solid\u00e1ria da Norte Crescente. Com o intuito de promover e contribuir para a melhoria das condi\u00e7\u00f5es de vida dos cidad\u00e3os socialmente vulner\u00e1veis, nomeadamente os residentes na Costa Norte, atrav\u00e9s da atribui\u00e7\u00e3o de bens como vestu\u00e1rio, mobili\u00e1rio, eletrodom\u00e9sticos e material did\u00e1tico a pre\u00e7os simb\u00f3licos. A Loja Solid\u00e1ria est\u00e1 aberta a toda a comunidade, oferecendo pre\u00e7os reduzidos em artigos semi-novos ou usados, desde: roupa, cal\u00e7ado, acess\u00f3rios, brinquedos, puericultura, material did\u00e1tico, pequenos eletrodom\u00e9sticos, material inform\u00e1tico, mobili\u00e1rio e t\u00eaxtil-lar. Qualificar e dotar a Loja Solid\u00e1ria, ir\u00e1 permitir criar as condi\u00e7\u00f5es necess\u00e1rias para que os seus utilizadores se sintam inclu\u00eddos socialmente e tenham acesso aos seus servi\u00e7os num ambiente saud\u00e1vel.<\/p>\n\n\n\n<p>O CDIJ \u2013 Novos Rumos com edif\u00edcio pr\u00f3prio na Quinta do Norte, est\u00e1 integrado na rede regional de CDIJ, constitui-se como uma estrutura comunit\u00e1ria de interven\u00e7\u00e3o psicossocial individualizada, que visa colmatar as necessidades e desenvolver as potencialidades, de jovens entre os 14 e os 25 anos, em situa\u00e7\u00e3o de risco, permitindo um desenvolvimento pleno e saud\u00e1vel, facilitando a sua reintegra\u00e7\u00e3o atrav\u00e9s do desenvolvimento de compet\u00eancias pessoais, sociais, educativas e de empregabilidade. A finalidade da interven\u00e7\u00e3o do CDIJ \u2013 Novos Rumos assenta em 3 eixos: Empatia, Educa\u00e7\u00e3o e Empregabilidade, privilegiando a rela\u00e7\u00e3o com o jovem e a customiza\u00e7\u00e3o das a\u00e7\u00f5es \u00e0 individualidade do jovem, enquanto instrumentos de mudan\u00e7a. Para al\u00e9m do trabalho desenvolvido diretamente com os jovens que integram no CDIJ \u2013 Novos Rumos, existe tamb\u00e9m um trabalho cont\u00ednuo no apoio e acompanhamento das respetivas fam\u00edlias, bem como, dos jovens e fam\u00edlias que que frequentaram o CDIJ \u2013 Novos Rumos no ano transato. Neste momento o CDIJ \u2013 Novos Rumos trabalha com 31 jovens, 20 com frequ\u00eancia di\u00e1ria e 11 a n\u00edvel de follow-up, este trabalho \u00e9 desenvolvido tamb\u00e9m com as respetivas fam\u00edlias. \u00c9, tamb\u00e9m, no edif\u00edcio do CDIJ \u2013 Novos Rumos que se desenvolve a Forma\u00e7\u00e3o Certificada, que se destina a pessoas em risco de exclus\u00e3o social e tem como objetivo a capacita\u00e7\u00e3o para a inclus\u00e3o laboral.<\/p>\n\n\n\n<p>A Rede de Centros S\u00f3cioeducativos e Tecnol\u00f3gicos (RCSET) est\u00e1 em desenvolvimento nas freguesias de S\u00e3o Vicente Ferreira, Capelas, Ajuda da Bretanha e Pilar da Bretanha, como tamb\u00e9m, nos Rem\u00e9dios com o Ponto de Estudo, onde foram identificados, na comunidade, crian\u00e7as e jovens com uma grande incid\u00eancia de fatores de risco como: car\u00eancia afetiva, neglig\u00eancia parental, agregado familiar em situa\u00e7\u00e3o de vulnerabilidade, defici\u00eancias habitacionais, car\u00eancias sanit\u00e1rias e de higiene, modelagem comportamental desajustada, aus\u00eancia de normas e regras, aus\u00eancia de modelos parentais adequados e busca constante do conflito como resolu\u00e7\u00e3o de problemas.<\/p>\n\n\n\n<p>Ent\u00e3o a RCSET tem como objetivo potenciar o desenvolvimento saud\u00e1vel e harmonioso das crian\u00e7as, adolescentes e jovens atrav\u00e9s de um modelo s\u00f3cio afetivo que promova capacidades psicossociais adequadas. A RCSET trabalha diretamente com 82 crian\u00e7as e jovens e consequentemente com os seus agregados familiares. Dado que esta val\u00eancia se desenvolve em freguesias distintas, existe diferentes instala\u00e7\u00f5es para cada um dos polos, neste momento carece de requalifica\u00e7\u00e3o o ATL de Capelas, instalado na Quinta do Norte o ATL da Ajuda da Bretanha, instalado na Ajuda da Bretanha.<\/p>\n\n\n\n<p>A CAST \u2013 Centro de Anima\u00e7\u00e3o e Sustentabilidade do Territ\u00f3rio est\u00e1 situado na Quinta do Norte e destina-se \u00e0 promo\u00e7\u00e3o e desenvolvimento do territ\u00f3rio estimulando a base econ\u00f3mica local e os recursos end\u00f3genos com elevado valor. Consubstancia-se numa resposta da Norte Crescente e tem como principal objetivo a defesa e valoriza\u00e7\u00e3o do ambiente e cultura, patrim\u00f3nio natural e cultural e promo\u00e7\u00e3o do territ\u00f3rio. \u00c9 tamb\u00e9m no CAST que est\u00e1 inserida a Equipa de Eventos da Norte Crescente, que anualmente desenvolve os seguintes eventos para a comunidade, Ca\u00e7a ao Ovo na P\u00e1scoa, Dia da Crian\u00e7a, Dia das Bruxas e o Mercadinho de Natal. Desenvolve tamb\u00e9m em parceria com entidades locais, o Festival do Inhame e a Festa do Milho. Estima-se que o CAST tem uma participa\u00e7\u00e3o de cerca de 7500 pessoas por ano.<\/p>\n\n\n\n<p>Considerando a import\u00e2ncia das respostas sociais da Norte Crescente e abrang\u00eancia de pessoas com quem trabalha, a requalifica\u00e7\u00e3o dos edif\u00edcios da Quinta do Norte e do ATL da Ajuda da Bretanha ir\u00e1 permitir dar uma melhor resposta aos seus benifici\u00e1rios, bem como, a toda a comunidade envolvente. Ir\u00e1 permitir tamb\u00e9m, que os mesmo tenham acesso a instala\u00e7\u00f5es qualificadas e equipadas para que possam ampliar as oportunidades de capacita\u00e7\u00e3o e progress\u00e3o pessoal.<\/p>\n\n\n\n<figure class=\"wp-block-image size-full\"><a href=\"https:\/\/nortecrescente.pt\/web\/wp-content\/uploads\/2024\/02\/barra-de-financiamento-2.bmp\"><img loading=\"lazy\" width=\"1464\" height=\"160\" src=\"https:\/\/nortecrescente.pt\/web\/wp-content\/uploads\/2024\/02\/barra-de-financiamento-2.bmp\" alt=\"\" class=\"wp-image-3776\"\/><\/a><\/figure>\n\n\n\n<p style=\"font-size:7px\">Criado em 15 de abril de 2025<\/p>\n","protected":false},"excerpt":{"rendered":"<p>C\u00f3digo da Opera\u00e7\u00e3o:\u00a0PRORURAL+-7.4.1-FEADER-004033Programa:\u00a0PRORURAL +Medida:\u00a0Apoio ao desenvolvimento local de base comunit\u00e1ria (DLBC) LeaderSubmedida\/A\u00e7\u00e3o:\u00a0Apoio \u00e0 realiza\u00e7\u00e3o de opera\u00e7\u00f5es no \u00e2mbito da estrat\u00e9gia de desenvolvimento promovido pelas comunidades locaisInterven\u00e7\u00e3o:\u00a0Investimento em servi\u00e7os b\u00e1sicosInvestimento Total:\u00a046.615,96 &#8230;<\/p>\n","protected":false},"author":1,"featured_media":0,"parent":0,"menu_order":0,"comment_status":"closed","ping_status":"closed","template":"","meta":{"ngg_post_thumbnail":0},"featured_image_urls":{"full":"","thumbnail":"","medium":"","medium_large":"","large":"","1536x1536":"","2048x2048":"","onepress-blog-small":"","onepress-small":"","onepress-medium":""},"post_excerpt_stackable":"<p>C\u00f3digo da Opera\u00e7\u00e3o:\u00a0PRORURAL+-7.4.1-FEADER-004033Programa:\u00a0PRORURAL +Medida:\u00a0Apoio ao desenvolvimento local de base comunit\u00e1ria (DLBC) LeaderSubmedida\/A\u00e7\u00e3o:\u00a0Apoio \u00e0 realiza\u00e7\u00e3o de opera\u00e7\u00f5es no \u00e2mbito da estrat\u00e9gia de desenvolvimento promovido pelas comunidades locaisInterven\u00e7\u00e3o:\u00a0Investimento em servi\u00e7os b\u00e1sicosInvestimento Total:\u00a046.615,96 eurosIncentivo:\u00a04.341,60 euros O presente projeto visa valorizar e qualificar as instala\u00e7\u00f5es da Norte Crescente, de forma a melhorar a qualidade de vida e o bem-estar dos benefici\u00e1rios das respostas sociais da Norte Crescente. Deste modo, tenciona-se abranger os eixos priorit\u00e1rios, promovendo a inclus\u00e3o social, a redu\u00e7\u00e3o da pobreza e o desenvolvimento econ\u00f3mico das zonas rurais, bem como, fomentar o desenvolvimento local das zonas rurais. A valoriza\u00e7\u00e3o e qualifica\u00e7\u00e3o das instala\u00e7\u00f5es&hellip;<\/p>\n","category_list":"","author_info":{"name":"Norte Crescente","url":"https:\/\/nortecrescente.pt\/web\/author\/adminnc2033"},"comments_num":"0 comments","featured_image_urls_v2":{"full":"","thumbnail":"","medium":"","medium_large":"","large":"","1536x1536":"","2048x2048":"","onepress-blog-small":"","onepress-small":"","onepress-medium":""},"post_excerpt_stackable_v2":"<p>C\u00f3digo da Opera\u00e7\u00e3o:\u00a0PRORURAL+-7.4.1-FEADER-004033Programa:\u00a0PRORURAL +Medida:\u00a0Apoio ao desenvolvimento local de base comunit\u00e1ria (DLBC) LeaderSubmedida\/A\u00e7\u00e3o:\u00a0Apoio \u00e0 realiza\u00e7\u00e3o de opera\u00e7\u00f5es no \u00e2mbito da estrat\u00e9gia de desenvolvimento promovido pelas comunidades locaisInterven\u00e7\u00e3o:\u00a0Investimento em servi\u00e7os b\u00e1sicosInvestimento Total:\u00a046.615,96 eurosIncentivo:\u00a04.341,60 euros O presente projeto visa valorizar e qualificar as instala\u00e7\u00f5es da Norte Crescente, de forma a melhorar a qualidade de vida e o bem-estar dos benefici\u00e1rios das respostas sociais da Norte Crescente. Deste modo, tenciona-se abranger os eixos priorit\u00e1rios, promovendo a inclus\u00e3o social, a redu\u00e7\u00e3o da pobreza e o desenvolvimento econ\u00f3mico das zonas rurais, bem como, fomentar o desenvolvimento local das zonas rurais. A valoriza\u00e7\u00e3o e qualifica\u00e7\u00e3o das instala\u00e7\u00f5es&hellip;<\/p>\n","category_list_v2":"","author_info_v2":{"name":"Norte Crescente","url":"https:\/\/nortecrescente.pt\/web\/author\/adminnc2033"},"comments_num_v2":"0 comments","_links":{"self":[{"href":"https:\/\/nortecrescente.pt\/web\/wp-json\/wp\/v2\/pages\/3908"}],"collection":[{"href":"https:\/\/nortecrescente.pt\/web\/wp-json\/wp\/v2\/pages"}],"about":[{"href":"https:\/\/nortecrescente.pt\/web\/wp-json\/wp\/v2\/types\/page"}],"author":[{"embeddable":true,"href":"https:\/\/nortecrescente.pt\/web\/wp-json\/wp\/v2\/users\/1"}],"replies":[{"embeddable":true,"href":"https:\/\/nortecrescente.pt\/web\/wp-json\/wp\/v2\/comments?post=3908"}],"version-history":[{"count":1,"href":"https:\/\/nortecrescente.pt\/web\/wp-json\/wp\/v2\/pages\/3908\/revisions"}],"predecessor-version":[{"id":3909,"href":"https:\/\/nortecrescente.pt\/web\/wp-json\/wp\/v2\/pages\/3908\/revisions\/3909"}],"wp:attachment":[{"href":"https:\/\/nortecrescente.pt\/web\/wp-json\/wp\/v2\/media?parent=3908"}],"curies":[{"name":"wp","href":"https:\/\/api.w.org\/{rel}","templated":true}]}}