	{"id":63,"date":"2011-10-19T16:25:06","date_gmt":"2011-10-19T17:25:06","guid":{"rendered":"http:\/\/nortecrescente.pt\/web\/?page_id=63"},"modified":"2021-07-01T09:12:29","modified_gmt":"2021-07-01T10:12:29","slug":"contactos","status":"publish","type":"page","link":"https:\/\/nortecrescente.pt\/web\/contactos","title":{"rendered":"Contactos gerais"},"content":{"rendered":"\n<h3>Sede \/ Quinta do Norte<\/h3>\n\n\n\n<p><strong>Endere\u00e7o<br><\/strong>Rua do Monte Alegre s\/n<br>Vila de Capelas<br>9545-148 Ponta Delgada<br><strong>Telefone\/Fax<\/strong><br>296 918 821 \/ 296 918 049<br><strong>Email<\/strong><br>nortecrescente@nortecrescente.pt <\/p>\n\n\n\n<h3>CDIJ &#8211; Novos Rumos<\/h3>\n\n\n\n<p><strong>Morada<br><\/strong>Rua do Monte Alegre s\/n<br>Vila de Capelas<br>9545-148 Ponta Delgada<br><strong>Telefone<br><\/strong>296 099 055 \/ 296 098 633<br><strong>Email<\/strong> <br>nortecrescente@nortecrescente.pt<\/p>\n\n\n\n<h3>CAST &#8211; Centro de Anima\u00e7\u00e3o e Sustentabilidade do Territ\u00f3rio<\/h3>\n\n\n\n<p><strong>Morada<\/strong><br>Rua do Monte Alegre s\/n<br>Vila de Capelas<br>9545-148 &#8211; Ponta Delgada<br><strong>Telefone<\/strong><br>296 098 377<br><strong>Email<\/strong><br>nortecrescente@nortecrescente.pt<br><\/p>\n\n\n\n<h3>Centro S\u00f3cioeducativo e Tecnol\u00f3gico &#8211; ATL de Capelas<\/h3>\n\n\n\n<p><strong>Morada<\/strong><br>Rua do Monte Alegre s\/n<br>Vila de Capelas<br>9545-148 Ponta Delgada<br><strong>Telefone<\/strong><br>966 077 126&nbsp; <br><strong>Hor\u00e1rio<\/strong> <strong>\u00c9poca Letiva: <\/strong>das 13h \u00e0s 19h<br><strong>Hor\u00e1rio Interrup\u00e7\u00e3o Letiva<\/strong>: das 9h \u00e0s 17h<\/p>\n\n\n\n<h3>Centro S\u00f3cioeducativo e Tecnol\u00f3gico &#8211; ATL de S\u00e3o Vicente Ferreira<\/h3>\n\n\n\n<p><strong>Morada<\/strong><br>Rua do Outeiro<br>Edif\u00edcio do Sal\u00e3o Paroquial<br>S\u00e3o Vicente Ferreira<br>9545-535\u2013Ponta Delgada<br><strong>Telefone<\/strong><br>296 911 295&nbsp; <br><strong>Hor\u00e1rio<\/strong> <strong>\u00c9poca Letiva: <\/strong>das 13h \u00e0s 19h<br><strong>Hor\u00e1rio Interrup\u00e7\u00e3o Letiva<\/strong>: das 9h \u00e0s 17h<\/p>\n\n\n\n<h3>Centro S\u00f3cioeducativo e Tecnol\u00f3gico &#8211; ATL de Ajuda da Bretanha<\/h3>\n\n\n\n<p><strong>Morada<\/strong><br>Estrada Regional s\/n<br>Ajuda da Bretanha<br>9545-021 \u2013 Ponta Delgada<br><strong>Telefone<\/strong><br>296 917 905\u00a0<br><strong>Hor\u00e1rio<\/strong> <strong>\u00c9poca Letiva: <\/strong>das 13h \u00e0s 19h<br><strong>Hor\u00e1rio Interrup\u00e7\u00e3o Letiva<\/strong>: das 9h \u00e0s 18h<\/p>\n\n\n\n<h3>Centro S\u00f3cioeducativo e Tecnol\u00f3gico &#8211; ATL de Pilar da Bretanha<\/h3>\n\n\n\n<p><strong>Morada<\/strong><br>Rua do Passal s\/n<br>Pilar da Bretanha <br>9545-054 &#8211; Ponta Delgada <br><strong>Telefone<\/strong><br>296 917 064&nbsp;<\/p>\n\n\n\n<p><strong>Hor\u00e1rio<\/strong> <strong>\u00c9poca Letiva: <\/strong>das 13h \u00e0s 19h<br><strong>Hor\u00e1rio Interrup\u00e7\u00e3o Letiva<\/strong>: das 8h \u00e0s 19h<\/p>\n\n\n\n<iframe loading=\"lazy\" src=\"https:\/\/www.google.com\/maps\/d\/embed?mid=1Rg2lfPj8vCak_fwwiQSApH3GSrglC4ZS\" width=\"1200\" height=\"900\"><\/iframe>\n\n\n\n<p><\/p>\n","protected":false},"excerpt":{"rendered":"<p>Sede \/ Quinta do Norte Endere\u00e7oRua do Monte Alegre s\/nVila de Capelas9545-148 Ponta DelgadaTelefone\/Fax296 918 821 \/ 296 918 049Emailnortecrescente@nortecrescente.pt CDIJ &#8211; Novos Rumos MoradaRua do Monte Alegre s\/nVila de &#8230;<\/p>\n","protected":false},"author":2,"featured_media":0,"parent":0,"menu_order":5,"comment_status":"closed","ping_status":"closed","template":"template-fullwidth.php","meta":{"ngg_post_thumbnail":0},"featured_image_urls":{"full":"","thumbnail":"","medium":"","medium_large":"","large":"","1536x1536":"","2048x2048":"","onepress-blog-small":"","onepress-small":"","onepress-medium":""},"post_excerpt_stackable":"<p>Sede \/ Quinta do Norte Endere\u00e7oRua do Monte Alegre s\/nVila de Capelas9545-148 Ponta DelgadaTelefone\/Fax296 918 821 \/ 296 918 049Emailnortecrescente@nortecrescente.pt CDIJ &#8211; Novos Rumos MoradaRua do Monte Alegre s\/nVila de Capelas9545-148 Ponta DelgadaTelefone296 099 055 \/ 296 098 633Email nortecrescente@nortecrescente.pt CAST &#8211; Centro de Anima\u00e7\u00e3o e Sustentabilidade do Territ\u00f3rio MoradaRua do Monte Alegre s\/nVila de Capelas9545-148 &#8211; Ponta DelgadaTelefone296 098 377Emailnortecrescente@nortecrescente.pt Centro S\u00f3cioeducativo e Tecnol\u00f3gico &#8211; ATL de Capelas MoradaRua do Monte Alegre s\/nVila de Capelas9545-148 Ponta DelgadaTelefone966 077 126&nbsp; Hor\u00e1rio \u00c9poca Letiva: das 13h \u00e0s 19hHor\u00e1rio Interrup\u00e7\u00e3o Letiva: das 9h \u00e0s 17h Centro S\u00f3cioeducativo e Tecnol\u00f3gico &#8211; ATL de&hellip;<\/p>\n","category_list":"","author_info":{"name":"admin","url":"https:\/\/nortecrescente.pt\/web\/author\/admin"},"comments_num":"0 comments","featured_image_urls_v2":{"full":"","thumbnail":"","medium":"","medium_large":"","large":"","1536x1536":"","2048x2048":"","onepress-blog-small":"","onepress-small":"","onepress-medium":""},"post_excerpt_stackable_v2":"<p>Sede \/ Quinta do Norte Endere\u00e7oRua do Monte Alegre s\/nVila de Capelas9545-148 Ponta DelgadaTelefone\/Fax296 918 821 \/ 296 918 049Emailnortecrescente@nortecrescente.pt CDIJ &#8211; Novos Rumos MoradaRua do Monte Alegre s\/nVila de Capelas9545-148 Ponta DelgadaTelefone296 099 055 \/ 296 098 633Email nortecrescente@nortecrescente.pt CAST &#8211; Centro de Anima\u00e7\u00e3o e Sustentabilidade do Territ\u00f3rio MoradaRua do Monte Alegre s\/nVila de Capelas9545-148 &#8211; Ponta DelgadaTelefone296 098 377Emailnortecrescente@nortecrescente.pt Centro S\u00f3cioeducativo e Tecnol\u00f3gico &#8211; ATL de Capelas MoradaRua do Monte Alegre s\/nVila de Capelas9545-148 Ponta DelgadaTelefone966 077 126&nbsp; Hor\u00e1rio \u00c9poca Letiva: das 13h \u00e0s 19hHor\u00e1rio Interrup\u00e7\u00e3o Letiva: das 9h \u00e0s 17h Centro S\u00f3cioeducativo e Tecnol\u00f3gico &#8211; ATL de&hellip;<\/p>\n","category_list_v2":"","author_info_v2":{"name":"admin","url":"https:\/\/nortecrescente.pt\/web\/author\/admin"},"comments_num_v2":"0 comments","_links":{"self":[{"href":"https:\/\/nortecrescente.pt\/web\/wp-json\/wp\/v2\/pages\/63"}],"collection":[{"href":"https:\/\/nortecrescente.pt\/web\/wp-json\/wp\/v2\/pages"}],"about":[{"href":"https:\/\/nortecrescente.pt\/web\/wp-json\/wp\/v2\/types\/page"}],"author":[{"embeddable":true,"href":"https:\/\/nortecrescente.pt\/web\/wp-json\/wp\/v2\/users\/2"}],"replies":[{"embeddable":true,"href":"https:\/\/nortecrescente.pt\/web\/wp-json\/wp\/v2\/comments?post=63"}],"version-history":[{"count":67,"href":"https:\/\/nortecrescente.pt\/web\/wp-json\/wp\/v2\/pages\/63\/revisions"}],"predecessor-version":[{"id":3164,"href":"https:\/\/nortecrescente.pt\/web\/wp-json\/wp\/v2\/pages\/63\/revisions\/3164"}],"wp:attachment":[{"href":"https:\/\/nortecrescente.pt\/web\/wp-json\/wp\/v2\/media?parent=63"}],"curies":[{"name":"wp","href":"https:\/\/api.w.org\/{rel}","templated":true}]}}