	{"id":853,"date":"2012-08-01T09:30:19","date_gmt":"2012-08-01T10:30:19","guid":{"rendered":"http:\/\/nortecrescente.pt\/web\/?page_id=853"},"modified":"2022-01-27T16:05:03","modified_gmt":"2022-01-27T17:05:03","slug":"orgaos-sociais","status":"publish","type":"page","link":"https:\/\/nortecrescente.pt\/web\/orgaos-sociais","title":{"rendered":"\u00d3rg\u00e3os Sociais"},"content":{"rendered":"\n<p><strong>ASSEMBLEIA GERAL<\/strong><br>Presidente: Bruno Alexandre Machado Correia<br>1\u00ba Secret\u00e1rio: V\u00e2nia Patr\u00edcia Mendes Pardal<br>2\u00ba Secret\u00e1rio: Sofia Alexandra Pacheco Fernandes<br><br><strong>CONSELHO EXECUTIVO<\/strong><br>Presidente: Monica Medeiros Andrade<br>Secret\u00e1rio: Jos\u00e9 Miguel da Silva Br\u00e1s<br>Tesoureiro: Romina Cordeiro Tavares<br>1\u00ba Vogal: Mariana Isabel Moura C\u00e2mara<br>2\u00aa Vogal: Duarte Lu\u00eds Aguiar<br><br><strong>CONSELHO FISCAL<\/strong><br>Presidente: Duarte Manuel Luzia Carvalho<br>1\u00ba vogal: H\u00e9lder Pereira Albernaz<br>2\u00ba vogal: Herv\u00e9 Gon\u00e7alves da Silva<br><\/p>\n\n\n\n<div style=\"height:100px\" aria-hidden=\"true\" class=\"wp-block-spacer\"><\/div>\n\n\n\n<h2 id=\"noticias\">Not\u00edcias<\/h2>\n\n\n<ul class=\"wp-block-latest-posts__list is-grid columns-3 aligncenter wp-block-latest-posts\"><li><div class=\"wp-block-latest-posts__featured-image aligncenter\"><a href=\"https:\/\/nortecrescente.pt\/web\/pascoa-2026-caca-ao-ovo-quinta-do-norte\" aria-label=\"P\u00e1scoa 2026 &#8211; Ca\u00e7a ao Ovo &#8211; Quinta do Norte\"><img width=\"300\" height=\"143\" src=\"https:\/\/nortecrescente.pt\/web\/wp-content\/uploads\/2026\/03\/imagem-face-caca-ao-ovo-300x143.png\" class=\"attachment-medium size-medium wp-post-image\" alt=\"\" loading=\"lazy\" style=\"\" srcset=\"https:\/\/nortecrescente.pt\/web\/wp-content\/uploads\/2026\/03\/imagem-face-caca-ao-ovo-300x143.png 300w, https:\/\/nortecrescente.pt\/web\/wp-content\/uploads\/2026\/03\/imagem-face-caca-ao-ovo-768x367.png 768w, https:\/\/nortecrescente.pt\/web\/wp-content\/uploads\/2026\/03\/imagem-face-caca-ao-ovo.png 1023w\" sizes=\"(max-width: 300px) 100vw, 300px\" \/><\/a><\/div><a class=\"wp-block-latest-posts__post-title\" href=\"https:\/\/nortecrescente.pt\/web\/pascoa-2026-caca-ao-ovo-quinta-do-norte\">P\u00e1scoa 2026 &#8211; Ca\u00e7a ao Ovo &#8211; Quinta do Norte<\/a><div class=\"wp-block-latest-posts__post-excerpt\">No pr\u00f3ximo dia 28 de mar\u00e7o, das 15h \u00e0s 19h, a Quinta do Norte ser\u00e1 palco de uma tarde dedicada \u00e0 Ca\u00e7a ao Ovo, pensada para os mais pequenos e &#8230;<\/div><\/li>\n<li><div class=\"wp-block-latest-posts__featured-image aligncenter\"><a href=\"https:\/\/nortecrescente.pt\/web\/dia-de-trabalho-bois-da-raca-ramo-grande-17-janeiro-2025\" aria-label=\"Dia de Trabalho \u2013 Bois da Ra\u00e7a Ramo Grande &#8211; 17 janeiro 2025\"><img width=\"240\" height=\"300\" src=\"https:\/\/nortecrescente.pt\/web\/wp-content\/uploads\/2026\/01\/26.01-cartaz-Gincana-Ramo-Grande-240x300.jpeg\" class=\"attachment-medium size-medium wp-post-image\" alt=\"\" loading=\"lazy\" style=\"\" srcset=\"https:\/\/nortecrescente.pt\/web\/wp-content\/uploads\/2026\/01\/26.01-cartaz-Gincana-Ramo-Grande-240x300.jpeg 240w, https:\/\/nortecrescente.pt\/web\/wp-content\/uploads\/2026\/01\/26.01-cartaz-Gincana-Ramo-Grande-819x1024.jpeg 819w, https:\/\/nortecrescente.pt\/web\/wp-content\/uploads\/2026\/01\/26.01-cartaz-Gincana-Ramo-Grande-768x960.jpeg 768w, https:\/\/nortecrescente.pt\/web\/wp-content\/uploads\/2026\/01\/26.01-cartaz-Gincana-Ramo-Grande.jpeg 1080w\" sizes=\"(max-width: 240px) 100vw, 240px\" \/><\/a><\/div><a class=\"wp-block-latest-posts__post-title\" href=\"https:\/\/nortecrescente.pt\/web\/dia-de-trabalho-bois-da-raca-ramo-grande-17-janeiro-2025\">Dia de Trabalho \u2013 Bois da Ra\u00e7a Ramo Grande &#8211; 17 janeiro 2025<\/a><div class=\"wp-block-latest-posts__post-excerpt\">Dia de Trabalho \u2013 Bois da Ra\u00e7a Ramo Grande&#8211; Gincana com carros de Bois&#8211; Promo\u00e7\u00e3o Papas de Carolo Pilar da Bretanha \u2013 Parque de Aventura17 de janeiro \u2013 Parque de &#8230;<\/div><\/li>\n<li><div class=\"wp-block-latest-posts__featured-image aligncenter\"><a href=\"https:\/\/nortecrescente.pt\/web\/norte-crescente\" aria-label=\"&lt;strong&gt;Norte Crescente&lt;\/strong&gt;\"><img width=\"300\" height=\"142\" src=\"https:\/\/nortecrescente.pt\/web\/wp-content\/uploads\/2025\/12\/imagem-destaque-AGv2-300x142.jpg\" class=\"attachment-medium size-medium wp-post-image\" alt=\"\" loading=\"lazy\" style=\"\" srcset=\"https:\/\/nortecrescente.pt\/web\/wp-content\/uploads\/2025\/12\/imagem-destaque-AGv2-300x142.jpg 300w, https:\/\/nortecrescente.pt\/web\/wp-content\/uploads\/2025\/12\/imagem-destaque-AGv2.jpg 506w\" sizes=\"(max-width: 300px) 100vw, 300px\" \/><\/a><\/div><a class=\"wp-block-latest-posts__post-title\" href=\"https:\/\/nortecrescente.pt\/web\/norte-crescente\"><strong>Norte Crescente<\/strong><\/a><div class=\"wp-block-latest-posts__post-excerpt\">Associa\u00e7\u00e3o de Desenvolvimento Local CONVOCAT\u00d3RIA Nos termos e para os efeitos do disposto nos artigos 28\u00ba n\u00ba 3 e artigo 29\u00ba dos Estatutos da Associa\u00e7\u00e3o Norte Crescente &#8211; ADL e &#8230;<\/div><\/li>\n<\/ul>","protected":false},"excerpt":{"rendered":"<p>ASSEMBLEIA GERALPresidente: Bruno Alexandre Machado Correia1\u00ba Secret\u00e1rio: V\u00e2nia Patr\u00edcia Mendes Pardal2\u00ba Secret\u00e1rio: Sofia Alexandra Pacheco Fernandes CONSELHO EXECUTIVOPresidente: Monica Medeiros AndradeSecret\u00e1rio: Jos\u00e9 Miguel da Silva Br\u00e1sTesoureiro: Romina Cordeiro Tavares1\u00ba Vogal: &#8230;<\/p>\n","protected":false},"author":2,"featured_media":0,"parent":0,"menu_order":0,"comment_status":"closed","ping_status":"open","template":"template-fullwidth.php","meta":{"ngg_post_thumbnail":0},"featured_image_urls":{"full":"","thumbnail":"","medium":"","medium_large":"","large":"","1536x1536":"","2048x2048":"","onepress-blog-small":"","onepress-small":"","onepress-medium":""},"post_excerpt_stackable":"<p>ASSEMBLEIA GERALPresidente: Bruno Alexandre Machado Correia1\u00ba Secret\u00e1rio: V\u00e2nia Patr\u00edcia Mendes Pardal2\u00ba Secret\u00e1rio: Sofia Alexandra Pacheco FernandesCONSELHO EXECUTIVOPresidente: Monica Medeiros AndradeSecret\u00e1rio: Jos\u00e9 Miguel da Silva Br\u00e1sTesoureiro: Romina Cordeiro Tavares1\u00ba Vogal: Mariana Isabel Moura C\u00e2mara2\u00aa Vogal: Duarte Lu\u00eds AguiarCONSELHO FISCALPresidente: Duarte Manuel Luzia Carvalho1\u00ba vogal: H\u00e9lder Pereira Albernaz2\u00ba vogal: Herv\u00e9 Gon\u00e7alves da Silva Not\u00edcias P\u00e1scoa 2026 &#8211; Ca\u00e7a ao Ovo &#8211; Quinta do NorteNo pr\u00f3ximo dia 28 de mar\u00e7o, das 15h \u00e0s 19h, a Quinta do Norte ser\u00e1 palco de uma tarde dedicada \u00e0 Ca\u00e7a ao Ovo, pensada para os mais pequenos e &#8230; Dia de Trabalho \u2013 Bois da Ra\u00e7a Ramo&hellip;<\/p>\n","category_list":"","author_info":{"name":"admin","url":"https:\/\/nortecrescente.pt\/web\/author\/admin"},"comments_num":"0 comments","featured_image_urls_v2":{"full":"","thumbnail":"","medium":"","medium_large":"","large":"","1536x1536":"","2048x2048":"","onepress-blog-small":"","onepress-small":"","onepress-medium":""},"post_excerpt_stackable_v2":"<p>ASSEMBLEIA GERALPresidente: Bruno Alexandre Machado Correia1\u00ba Secret\u00e1rio: V\u00e2nia Patr\u00edcia Mendes Pardal2\u00ba Secret\u00e1rio: Sofia Alexandra Pacheco FernandesCONSELHO EXECUTIVOPresidente: Monica Medeiros AndradeSecret\u00e1rio: Jos\u00e9 Miguel da Silva Br\u00e1sTesoureiro: Romina Cordeiro Tavares1\u00ba Vogal: Mariana Isabel Moura C\u00e2mara2\u00aa Vogal: Duarte Lu\u00eds AguiarCONSELHO FISCALPresidente: Duarte Manuel Luzia Carvalho1\u00ba vogal: H\u00e9lder Pereira Albernaz2\u00ba vogal: Herv\u00e9 Gon\u00e7alves da Silva Not\u00edcias P\u00e1scoa 2026 &#8211; Ca\u00e7a ao Ovo &#8211; Quinta do NorteNo pr\u00f3ximo dia 28 de mar\u00e7o, das 15h \u00e0s 19h, a Quinta do Norte ser\u00e1 palco de uma tarde dedicada \u00e0 Ca\u00e7a ao Ovo, pensada para os mais pequenos e &#8230; Dia de Trabalho \u2013 Bois da Ra\u00e7a Ramo&hellip;<\/p>\n","category_list_v2":"","author_info_v2":{"name":"admin","url":"https:\/\/nortecrescente.pt\/web\/author\/admin"},"comments_num_v2":"0 comments","_links":{"self":[{"href":"https:\/\/nortecrescente.pt\/web\/wp-json\/wp\/v2\/pages\/853"}],"collection":[{"href":"https:\/\/nortecrescente.pt\/web\/wp-json\/wp\/v2\/pages"}],"about":[{"href":"https:\/\/nortecrescente.pt\/web\/wp-json\/wp\/v2\/types\/page"}],"author":[{"embeddable":true,"href":"https:\/\/nortecrescente.pt\/web\/wp-json\/wp\/v2\/users\/2"}],"replies":[{"embeddable":true,"href":"https:\/\/nortecrescente.pt\/web\/wp-json\/wp\/v2\/comments?post=853"}],"version-history":[{"count":20,"href":"https:\/\/nortecrescente.pt\/web\/wp-json\/wp\/v2\/pages\/853\/revisions"}],"predecessor-version":[{"id":3489,"href":"https:\/\/nortecrescente.pt\/web\/wp-json\/wp\/v2\/pages\/853\/revisions\/3489"}],"wp:attachment":[{"href":"https:\/\/nortecrescente.pt\/web\/wp-json\/wp\/v2\/media?parent=853"}],"curies":[{"name":"wp","href":"https:\/\/api.w.org\/{rel}","templated":true}]}}